{"id":2301,"date":"2024-01-11T12:18:21","date_gmt":"2024-01-11T12:18:21","guid":{"rendered":"https:\/\/www.electricity-magnetism.org\/ions-anions-cations\/"},"modified":"2022-06-10T13:16:06","modified_gmt":"2022-06-10T13:16:06","slug":"ions-anions-cations","status":"publish","type":"page","link":"https:\/\/www.electricity-magnetism.org\/pt-br\/eletrostatica\/cargas-eletricas-em-atomos\/ions-anions-cations\/","title":{"rendered":"\u00cdons &#8211; \u00c2nions &#8211; C\u00e1tions"},"content":{"rendered":"<div class=\"gb-container gb-container-fdbd6300\"><div class=\"gb-inside-container\">\n<div class=\"gb-grid-wrapper gb-grid-wrapper-126af6dc\">\n<div class=\"gb-grid-column gb-grid-column-c1544595\"><div class=\"gb-container gb-container-c1544595\"><div class=\"gb-inside-container\">\n\n<h2 class=\"gb-headline gb-headline-b526b385\"><span class=\"gb-icon\"><svg xmlns=\"http:\/\/www.w3.org\/2000\/svg\" viewbox=\"0 0 80 42\" data-name=\"subtract\"><path d=\"M0 20.06h80v1.87H0z\"><\/path><\/svg><\/span><span class=\"gb-headline-text\">Resumo de 30 segundos<\/span><\/h2>\n\n\n\n<h2 class=\"gb-headline gb-headline-a14ed650 gb-headline-text\">\u00cdons<\/h2>\n\n\n\n<p>Um \u00edon \u00e9 um \u00e1tomo ou mol\u00e9cula que perdeu um ou mais de seus el\u00e9trons ou ganhou um ou mais el\u00e9trons. Ele simplesmente tem uma carga el\u00e9trica l\u00edquida. <\/p>\n\n\n\n<p>A carga de um el\u00e9tron \u00e9 considerada negativa por conven\u00e7\u00e3o e essa carga \u00e9 igual e oposta \u00e0 carga de um pr\u00f3ton, que \u00e9 considerado positivo por conven\u00e7\u00e3o.<\/p>\n\n\n\n<ul class=\"wp-block-list\"><li>C\u00e1tion. Um <strong>c\u00e1tion<\/strong> \u00e9 um \u00edon carregado positivamente com menos el\u00e9trons do que pr\u00f3tons.<\/li><li>\u00c2nion. Um <strong>\u00e2nion<\/strong> \u00e9 um \u00edon carregado negativamente com mais el\u00e9trons do que pr\u00f3tons.<\/li><\/ul>\n<\/div><\/div><\/div>\n\n<div class=\"gb-grid-column gb-grid-column-b910f0a6\"><div class=\"gb-container gb-container-b910f0a6\"><div class=\"gb-inside-container\">\n\n<figure class=\"wp-block-image size-full\"><img loading=\"lazy\" decoding=\"async\" width=\"800\" height=\"800\" src=\"https:\/\/www.electricity-magnetism.org\/wp-content\/uploads\/2022\/02\/ions-cations-anions.png\" alt=\"&#xED;ons - c&#xE1;tions - &#xE2;nions\" class=\"wp-image-1008\" srcset=\"https:\/\/www.electricity-magnetism.org\/wp-content\/uploads\/2022\/02\/ions-cations-anions.png 800w, https:\/\/www.electricity-magnetism.org\/wp-content\/uploads\/2022\/02\/ions-cations-anions-300x300.png 300w, https:\/\/www.electricity-magnetism.org\/wp-content\/uploads\/2022\/02\/ions-cations-anions-150x150.png 150w, https:\/\/www.electricity-magnetism.org\/wp-content\/uploads\/2022\/02\/ions-cations-anions-768x768.png 768w\" sizes=\"auto, (max-width: 800px) 100vw, 800px\" \/><figcaption>Um \u00edon \u00e9 um \u00e1tomo ou mol\u00e9cula que perdeu um ou mais de seus el\u00e9trons ou ganhou um ou mais el\u00e9trons. Ele simplesmente tem uma carga el\u00e9trica l\u00edquida.<\/figcaption><\/figure>\n<\/div><\/div><\/div>\n<\/div>\n<\/div><div class=\"gb-shapes\"><div class=\"gb-shape gb-shape-1\"><svg xmlns=\"http:\/\/www.w3.org\/2000\/svg\" viewBox=\"0 0 1200 194.3\" preserveAspectRatio=\"none\"><path d=\"M1200 133.3l-50 8.9c-50 8.6-150 26.9-250 31.1-100 4.2-200-4.2-300-26.7S400 89.2 300 62.2C200 35.8 100 17.5 50 8.9L0 0v194.3h1200v-61z\"\/><\/svg><\/div><\/div><\/div><div class=\"gb-container gb-container-e855c629\"><div class=\"gb-inside-container\">\n\n<h2 class=\"gb-headline gb-headline-b516fbb3 gb-headline-text\">Sobre \u00edons<\/h2>\n\n<\/div><\/div><div class=\"gb-container gb-container-698e12e6\"><div class=\"gb-inside-container\">\n\n<p>Um \u00edon \u00e9 um \u00e1tomo ou mol\u00e9cula que perdeu um ou mais de seus el\u00e9trons ou ganhou um ou mais el\u00e9trons. Ele simplesmente tem uma carga el\u00e9trica l\u00edquida.<\/p>\n\n\n\n<p>A carga de um el\u00e9tron \u00e9 considerada negativa por conven\u00e7\u00e3o e essa carga \u00e9 igual e oposta \u00e0 carga de um pr\u00f3ton, que \u00e9 considerado positivo por conven\u00e7\u00e3o.<\/p>\n\n\n\n<ul class=\"wp-block-list\"><li>C\u00e1tion. Um <strong>c\u00e1tion<\/strong> \u00e9 um \u00edon carregado positivamente com menos el\u00e9trons do que pr\u00f3tons.<\/li><li>\u00c2nion. Um <strong>\u00e2nion<\/strong> \u00e9 um \u00edon carregado negativamente com mais el\u00e9trons do que pr\u00f3tons.<\/li><\/ul>\n\n\n<p>C\u00e1tions e \u00e2nions s\u00e3o medidos por seu raio i\u00f4nico e diferem em tamanho relativo. Os c\u00e1tions s\u00e3o pequenos, a maioria deles com menos de 10 <sup>\u221210<\/sup> m (10 <sup>\u22128<\/sup> cm) de raio. Em geral, os <strong>\u00e2nions s\u00e3o maiores que o \u00e1tomo neutro correspondente<\/strong> , uma vez que a adi\u00e7\u00e3o de el\u00e9trons aumenta o n\u00famero de intera\u00e7\u00f5es de repuls\u00e3o el\u00e9tron-el\u00e9tron que ocorrem. Os c\u00e1tions s\u00e3o menores que os \u00e1tomos neutros correspondentes, pois os el\u00e9trons de val\u00eancia, que est\u00e3o mais distantes do n\u00facleo, s\u00e3o perdidos.<\/p>\n\n\n\n<p>Part\u00edculas com o mesmo sinal de carga el\u00e9trica se repelem e part\u00edculas com sinais opostos se atraem. Nos materiais, esses \u00edons de cargas opostas se atraem para formar liga\u00e7\u00f5es i\u00f4nicas. Os el\u00e9trons em um \u00e1tomo s\u00e3o atra\u00eddos para os pr\u00f3tons no n\u00facleo pela for\u00e7a eletromagn\u00e9tica. Essa for\u00e7a liga os el\u00e9trons dentro de um potencial eletrost\u00e1tico bem ao redor do n\u00facleo menor, o que significa que uma fonte externa de energia \u00e9 necess\u00e1ria para que o el\u00e9tron escape. <\/p>\n\n\n\n<figure class=\"wp-block-gallery columns-2 is-cropped wp-block-gallery-1 is-layout-flex wp-block-gallery-is-layout-flex\"><ul class=\"blocks-gallery-grid\"><li class=\"blocks-gallery-item\"><figure><img loading=\"lazy\" decoding=\"async\" width=\"800\" height=\"800\" src=\"https:\/\/www.electricity-magnetism.org\/wp-content\/uploads\/2022\/02\/anion-negatively-charged-ion.png\" alt=\"&#xE2;nion - &#xED;on carregado negativamente\" data-id=\"1007\" data-full-url=\"https:\/\/www.electricity-magnetism.org\/wp-content\/uploads\/2022\/02\/anion-negatively-charged-ion.png\" data-link=\"https:\/\/www.electricity-magnetism.org\/anion-negatively-charged-ion\/\" class=\"wp-image-1007\" srcset=\"https:\/\/www.electricity-magnetism.org\/wp-content\/uploads\/2022\/02\/anion-negatively-charged-ion.png 800w, https:\/\/www.electricity-magnetism.org\/wp-content\/uploads\/2022\/02\/anion-negatively-charged-ion-300x300.png 300w, https:\/\/www.electricity-magnetism.org\/wp-content\/uploads\/2022\/02\/anion-negatively-charged-ion-150x150.png 150w, https:\/\/www.electricity-magnetism.org\/wp-content\/uploads\/2022\/02\/anion-negatively-charged-ion-768x768.png 768w\" sizes=\"auto, (max-width: 800px) 100vw, 800px\" \/><figcaption class=\"blocks-gallery-item__caption\">Um \u00e2nion \u00e9 um \u00edon carregado negativamente com mais el\u00e9trons do que pr\u00f3tons. Em geral, os \u00e2nions s\u00e3o maiores que o \u00e1tomo neutro correspondente, uma vez que a adi\u00e7\u00e3o de el\u00e9trons aumenta o n\u00famero de intera\u00e7\u00f5es de repuls\u00e3o el\u00e9tron-el\u00e9tron que ocorrem.<\/figcaption><\/figure><\/li><li class=\"blocks-gallery-item\"><figure><img loading=\"lazy\" decoding=\"async\" width=\"800\" height=\"800\" src=\"https:\/\/www.electricity-magnetism.org\/wp-content\/uploads\/2022\/02\/cation-positively-charged-ion.png\" alt=\"c&#xE1;tion - &#xED;on carregado positivamente\" data-id=\"1006\" data-full-url=\"https:\/\/www.electricity-magnetism.org\/wp-content\/uploads\/2022\/02\/cation-positively-charged-ion.png\" data-link=\"https:\/\/www.electricity-magnetism.org\/cation-positively-charged-ion\/\" class=\"wp-image-1006\" srcset=\"https:\/\/www.electricity-magnetism.org\/wp-content\/uploads\/2022\/02\/cation-positively-charged-ion.png 800w, https:\/\/www.electricity-magnetism.org\/wp-content\/uploads\/2022\/02\/cation-positively-charged-ion-300x300.png 300w, https:\/\/www.electricity-magnetism.org\/wp-content\/uploads\/2022\/02\/cation-positively-charged-ion-150x150.png 150w, https:\/\/www.electricity-magnetism.org\/wp-content\/uploads\/2022\/02\/cation-positively-charged-ion-768x768.png 768w\" sizes=\"auto, (max-width: 800px) 100vw, 800px\" \/><figcaption class=\"blocks-gallery-item__caption\">Um c\u00e1tion \u00e9 um \u00edon carregado positivamente com menos el\u00e9trons do que pr\u00f3tons. Os c\u00e1tions s\u00e3o pequenos, a maioria deles com menos de 10-10 m (10-8 cm) de raio.<\/figcaption><\/figure><\/li><\/ul><\/figure>\n<\/div><\/div>\n<div style=\"height:100px\" aria-hidden=\"true\" class=\"wp-block-spacer\"><\/div>\n","protected":false},"excerpt":{"rendered":"","protected":false},"author":1,"featured_media":0,"parent":2363,"menu_order":0,"comment_status":"open","ping_status":"open","template":"","meta":{"_generate-full-width-content":"","footnotes":""},"class_list":["post-2301","page","type-page","status-publish"],"yoast_head":"<!-- This site is optimized with the Yoast SEO plugin v17.9 - https:\/\/yoast.com\/wordpress\/plugins\/seo\/ -->\n<title>\u00cdons | Carga el\u00e9trica, descri\u00e7\u00e3o e tamanho | electric-magnetism.org<\/title>\n<meta name=\"description\" content=\"Um \u00edon \u00e9 um \u00e1tomo ou mol\u00e9cula que perdeu um ou mais de seus el\u00e9trons ou ganhou um ou mais el\u00e9trons. Ele simplesmente tem uma carga el\u00e9trica l\u00edquida.\" \/>\n<meta name=\"robots\" content=\"index, follow, max-snippet:-1, max-image-preview:large, max-video-preview:-1\" \/>\n<link rel=\"canonical\" href=\"https:\/\/www.electricity-magnetism.org\/pt-br\/eletrostatica\/cargas-eletricas-em-atomos\/ions-anions-cations\/\" \/>\n<meta property=\"og:locale\" content=\"pt_BR\" \/>\n<meta property=\"og:type\" content=\"article\" \/>\n<meta property=\"og:title\" content=\"\u00cdons | Carga el\u00e9trica, descri\u00e7\u00e3o e tamanho | electric-magnetism.org\" \/>\n<meta property=\"og:description\" content=\"Um \u00edon \u00e9 um \u00e1tomo ou mol\u00e9cula que perdeu um ou mais de seus el\u00e9trons ou ganhou um ou mais el\u00e9trons. Ele simplesmente tem uma carga el\u00e9trica l\u00edquida.\" \/>\n<meta property=\"og:url\" content=\"https:\/\/www.electricity-magnetism.org\/pt-br\/eletrostatica\/cargas-eletricas-em-atomos\/ions-anions-cations\/\" \/>\n<meta property=\"og:site_name\" content=\"Electricity - Magnetism\" \/>\n<meta property=\"article:modified_time\" content=\"2022-06-10T13:16:06+00:00\" \/>\n<meta property=\"og:image\" content=\"https:\/\/www.electricity-magnetism.org\/wp-content\/uploads\/2022\/02\/ions-cations-anions.png\" \/>\n<meta name=\"twitter:card\" content=\"summary_large_image\" \/>\n<meta name=\"twitter:label1\" content=\"Est. tempo de leitura\" \/>\n\t<meta name=\"twitter:data1\" content=\"2 minutos\" \/>\n<script type=\"application\/ld+json\" class=\"yoast-schema-graph\">{\"@context\":\"https:\/\/schema.org\",\"@graph\":[{\"@type\":\"WebSite\",\"@id\":\"https:\/\/www.electricity-magnetism.org\/pt-br\/#website\",\"url\":\"https:\/\/www.electricity-magnetism.org\/pt-br\/\",\"name\":\"Electricity - Magnetism\",\"description\":\"All about electricity and magnetism.\",\"potentialAction\":[{\"@type\":\"SearchAction\",\"target\":{\"@type\":\"EntryPoint\",\"urlTemplate\":\"https:\/\/www.electricity-magnetism.org\/pt-br\/?s={search_term_string}\"},\"query-input\":\"required name=search_term_string\"}],\"inLanguage\":\"pt-BR\"},{\"@type\":\"ImageObject\",\"@id\":\"https:\/\/www.electricity-magnetism.org\/pt-br\/eletrostatica\/cargas-eletricas-em-atomos\/ions-anions-cations\/#primaryimage\",\"inLanguage\":\"pt-BR\",\"url\":\"https:\/\/www.electricity-magnetism.org\/wp-content\/uploads\/2022\/02\/ions-cations-anions.png\",\"contentUrl\":\"https:\/\/www.electricity-magnetism.org\/wp-content\/uploads\/2022\/02\/ions-cations-anions.png\",\"width\":800,\"height\":800,\"caption\":\"An ion is an atom or molecule which has either lost one or more of its electrons or gained one or more electrons. It simply has a net electric charge.\"},{\"@type\":\"WebPage\",\"@id\":\"https:\/\/www.electricity-magnetism.org\/pt-br\/eletrostatica\/cargas-eletricas-em-atomos\/ions-anions-cations\/#webpage\",\"url\":\"https:\/\/www.electricity-magnetism.org\/pt-br\/eletrostatica\/cargas-eletricas-em-atomos\/ions-anions-cations\/\",\"name\":\"\\u00cdons | Carga el\\u00e9trica, descri\\u00e7\\u00e3o e tamanho | electric-magnetism.org\",\"isPartOf\":{\"@id\":\"https:\/\/www.electricity-magnetism.org\/pt-br\/#website\"},\"primaryImageOfPage\":{\"@id\":\"https:\/\/www.electricity-magnetism.org\/pt-br\/eletrostatica\/cargas-eletricas-em-atomos\/ions-anions-cations\/#primaryimage\"},\"datePublished\":\"2024-01-11T12:18:21+00:00\",\"dateModified\":\"2022-06-10T13:16:06+00:00\",\"description\":\"Um \\u00edon \\u00e9 um \\u00e1tomo ou mol\\u00e9cula que perdeu um ou mais de seus el\\u00e9trons ou ganhou um ou mais el\\u00e9trons. Ele simplesmente tem uma carga el\\u00e9trica l\\u00edquida.\",\"breadcrumb\":{\"@id\":\"https:\/\/www.electricity-magnetism.org\/pt-br\/eletrostatica\/cargas-eletricas-em-atomos\/ions-anions-cations\/#breadcrumb\"},\"inLanguage\":\"pt-BR\",\"potentialAction\":[{\"@type\":\"ReadAction\",\"target\":[\"https:\/\/www.electricity-magnetism.org\/pt-br\/eletrostatica\/cargas-eletricas-em-atomos\/ions-anions-cations\/\"]}]},{\"@type\":\"BreadcrumbList\",\"@id\":\"https:\/\/www.electricity-magnetism.org\/pt-br\/eletrostatica\/cargas-eletricas-em-atomos\/ions-anions-cations\/#breadcrumb\",\"itemListElement\":[{\"@type\":\"ListItem\",\"position\":1,\"name\":\"Home\",\"item\":\"https:\/\/www.electricity-magnetism.org\/pt-br\/electricity-magnetism-page\/\"},{\"@type\":\"ListItem\",\"position\":2,\"name\":\"Eletrost\\u00e1tica\",\"item\":\"https:\/\/www.electricity-magnetism.org\/pt-br\/eletrostatica\/\"},{\"@type\":\"ListItem\",\"position\":3,\"name\":\"Cargas el\\u00e9tricas em \\u00e1tomos\",\"item\":\"https:\/\/www.electricity-magnetism.org\/pt-br\/eletrostatica\/cargas-eletricas-em-atomos\/\"},{\"@type\":\"ListItem\",\"position\":4,\"name\":\"\\u00cdons &#8211; \\u00c2nions &#8211; C\\u00e1tions\"}]}]}<\/script>\n<!-- \/ Yoast SEO plugin. -->","yoast_head_json":{"title":"\u00cdons | Carga el\u00e9trica, descri\u00e7\u00e3o e tamanho | electric-magnetism.org","description":"Um \u00edon \u00e9 um \u00e1tomo ou mol\u00e9cula que perdeu um ou mais de seus el\u00e9trons ou ganhou um ou mais el\u00e9trons. Ele simplesmente tem uma carga el\u00e9trica l\u00edquida.","robots":{"index":"index","follow":"follow","max-snippet":"max-snippet:-1","max-image-preview":"max-image-preview:large","max-video-preview":"max-video-preview:-1"},"canonical":"https:\/\/www.electricity-magnetism.org\/pt-br\/eletrostatica\/cargas-eletricas-em-atomos\/ions-anions-cations\/","og_locale":"pt_BR","og_type":"article","og_title":"\u00cdons | Carga el\u00e9trica, descri\u00e7\u00e3o e tamanho | electric-magnetism.org","og_description":"Um \u00edon \u00e9 um \u00e1tomo ou mol\u00e9cula que perdeu um ou mais de seus el\u00e9trons ou ganhou um ou mais el\u00e9trons. Ele simplesmente tem uma carga el\u00e9trica l\u00edquida.","og_url":"https:\/\/www.electricity-magnetism.org\/pt-br\/eletrostatica\/cargas-eletricas-em-atomos\/ions-anions-cations\/","og_site_name":"Electricity - Magnetism","article_modified_time":"2022-06-10T13:16:06+00:00","og_image":[{"url":"https:\/\/www.electricity-magnetism.org\/wp-content\/uploads\/2022\/02\/ions-cations-anions.png"}],"twitter_card":"summary_large_image","twitter_misc":{"Est. tempo de leitura":"2 minutos"},"schema":{"@context":"https:\/\/schema.org","@graph":[{"@type":"WebSite","@id":"https:\/\/www.electricity-magnetism.org\/pt-br\/#website","url":"https:\/\/www.electricity-magnetism.org\/pt-br\/","name":"Electricity - Magnetism","description":"All about electricity and magnetism.","potentialAction":[{"@type":"SearchAction","target":{"@type":"EntryPoint","urlTemplate":"https:\/\/www.electricity-magnetism.org\/pt-br\/?s={search_term_string}"},"query-input":"required name=search_term_string"}],"inLanguage":"pt-BR"},{"@type":"ImageObject","@id":"https:\/\/www.electricity-magnetism.org\/pt-br\/eletrostatica\/cargas-eletricas-em-atomos\/ions-anions-cations\/#primaryimage","inLanguage":"pt-BR","url":"https:\/\/www.electricity-magnetism.org\/wp-content\/uploads\/2022\/02\/ions-cations-anions.png","contentUrl":"https:\/\/www.electricity-magnetism.org\/wp-content\/uploads\/2022\/02\/ions-cations-anions.png","width":800,"height":800,"caption":"An ion is an atom or molecule which has either lost one or more of its electrons or gained one or more electrons. It simply has a net electric charge."},{"@type":"WebPage","@id":"https:\/\/www.electricity-magnetism.org\/pt-br\/eletrostatica\/cargas-eletricas-em-atomos\/ions-anions-cations\/#webpage","url":"https:\/\/www.electricity-magnetism.org\/pt-br\/eletrostatica\/cargas-eletricas-em-atomos\/ions-anions-cations\/","name":"\u00cdons | Carga el\u00e9trica, descri\u00e7\u00e3o e tamanho | electric-magnetism.org","isPartOf":{"@id":"https:\/\/www.electricity-magnetism.org\/pt-br\/#website"},"primaryImageOfPage":{"@id":"https:\/\/www.electricity-magnetism.org\/pt-br\/eletrostatica\/cargas-eletricas-em-atomos\/ions-anions-cations\/#primaryimage"},"datePublished":"2024-01-11T12:18:21+00:00","dateModified":"2022-06-10T13:16:06+00:00","description":"Um \u00edon \u00e9 um \u00e1tomo ou mol\u00e9cula que perdeu um ou mais de seus el\u00e9trons ou ganhou um ou mais el\u00e9trons. Ele simplesmente tem uma carga el\u00e9trica l\u00edquida.","breadcrumb":{"@id":"https:\/\/www.electricity-magnetism.org\/pt-br\/eletrostatica\/cargas-eletricas-em-atomos\/ions-anions-cations\/#breadcrumb"},"inLanguage":"pt-BR","potentialAction":[{"@type":"ReadAction","target":["https:\/\/www.electricity-magnetism.org\/pt-br\/eletrostatica\/cargas-eletricas-em-atomos\/ions-anions-cations\/"]}]},{"@type":"BreadcrumbList","@id":"https:\/\/www.electricity-magnetism.org\/pt-br\/eletrostatica\/cargas-eletricas-em-atomos\/ions-anions-cations\/#breadcrumb","itemListElement":[{"@type":"ListItem","position":1,"name":"Home","item":"https:\/\/www.electricity-magnetism.org\/pt-br\/electricity-magnetism-page\/"},{"@type":"ListItem","position":2,"name":"Eletrost\u00e1tica","item":"https:\/\/www.electricity-magnetism.org\/pt-br\/eletrostatica\/"},{"@type":"ListItem","position":3,"name":"Cargas el\u00e9tricas em \u00e1tomos","item":"https:\/\/www.electricity-magnetism.org\/pt-br\/eletrostatica\/cargas-eletricas-em-atomos\/"},{"@type":"ListItem","position":4,"name":"\u00cdons &#8211; \u00c2nions &#8211; C\u00e1tions"}]}]}},"_links":{"self":[{"href":"https:\/\/www.electricity-magnetism.org\/pt-br\/wp-json\/wp\/v2\/pages\/2301","targetHints":{"allow":["GET"]}}],"collection":[{"href":"https:\/\/www.electricity-magnetism.org\/pt-br\/wp-json\/wp\/v2\/pages"}],"about":[{"href":"https:\/\/www.electricity-magnetism.org\/pt-br\/wp-json\/wp\/v2\/types\/page"}],"author":[{"embeddable":true,"href":"https:\/\/www.electricity-magnetism.org\/pt-br\/wp-json\/wp\/v2\/users\/1"}],"replies":[{"embeddable":true,"href":"https:\/\/www.electricity-magnetism.org\/pt-br\/wp-json\/wp\/v2\/comments?post=2301"}],"version-history":[{"count":0,"href":"https:\/\/www.electricity-magnetism.org\/pt-br\/wp-json\/wp\/v2\/pages\/2301\/revisions"}],"up":[{"embeddable":true,"href":"https:\/\/www.electricity-magnetism.org\/pt-br\/wp-json\/wp\/v2\/pages\/2363"}],"wp:attachment":[{"href":"https:\/\/www.electricity-magnetism.org\/pt-br\/wp-json\/wp\/v2\/media?parent=2301"}],"curies":[{"name":"wp","href":"https:\/\/api.w.org\/{rel}","templated":true}]}}