{"id":2200,"date":"2022-01-19T07:14:13","date_gmt":"2022-01-19T07:14:13","guid":{"rendered":"https:\/\/www.electricity-magnetism.org\/eletricidade-magnetismo\/"},"modified":"2023-12-20T11:32:26","modified_gmt":"2023-12-20T11:32:26","slug":"eletricidade-magnetismo","status":"publish","type":"page","link":"https:\/\/www.electricity-magnetism.org\/pt-br\/eletricidade-magnetismo\/","title":{"rendered":"Eletricidade &#8211; Magnetismo"},"content":{"rendered":"<div class=\"gb-container gb-container-fdbd6300\"><div class=\"gb-inside-container\">\n<div class=\"gb-grid-wrapper gb-grid-wrapper-126af6dc\">\n<div class=\"gb-grid-column gb-grid-column-c1544595\"><div class=\"gb-container gb-container-c1544595\"><div class=\"gb-inside-container\">\n\n<h2 class=\"gb-headline gb-headline-b526b385\"><span class=\"gb-icon\"><svg xmlns=\"http:\/\/www.w3.org\/2000\/svg\" viewbox=\"0 0 80 42\" data-name=\"subtract\"><path d=\"M0 20.06h80v1.87H0z\"><\/path><\/svg><\/span><span class=\"gb-headline-text\">Sobre este site<\/span><\/h2>\n\n\n\n<h2 class=\"gb-headline gb-headline-a14ed650 gb-headline-text\">Eletricidade e <mark class=\"gb-highlight\">Magnetismo<\/mark> de forma simples e f\u00e1cil<\/h2>\n\n\n\n<p>Este site foi fundado como um projeto sem fins lucrativos, constru\u00eddo inteiramente por um grupo de jovens engenheiros. Todo o site \u00e9 baseado em nossas perspectivas pessoais e n\u00e3o representa a vis\u00e3o de nenhuma empresa no setor de energia.<\/p>\n\n\n\n<p>O objetivo principal deste projeto \u00e9 ajudar o p\u00fablico a aprender algumas informa\u00e7\u00f5es interessantes e importantes sobre eletricidade e magnetismo.<\/p>\n\n\n\n<p>Aproveite nosso:<\/p>\n\n\n\n<p class=\"gb-headline gb-headline-e3d9f3f4\"><span class=\"gb-icon\"><svg xmlns=\"http:\/\/www.w3.org\/2000\/svg\" aria-hidden=\"true\" role=\"img\" height=\"1em\" width=\"1em\" viewbox=\"0 0 256 512\"><path fill=\"currentColor\" d=\"M224.3 273l-136 136c-9.4 9.4-24.6 9.4-33.9 0l-22.6-22.6c-9.4-9.4-9.4-24.6 0-33.9l96.4-96.4-96.4-96.4c-9.4-9.4-9.4-24.6 0-33.9L54.3 103c9.4-9.4 24.6-9.4 33.9 0l136 136c9.5 9.4 9.5 24.6.1 34z\"><\/path><\/svg><\/span><span class=\"gb-headline-text\"><strong>Imagens interativas<\/strong><\/span><\/p>\n\n\n\n<p class=\"gb-headline gb-headline-505b7a61\"><span class=\"gb-icon\"><svg xmlns=\"http:\/\/www.w3.org\/2000\/svg\" aria-hidden=\"true\" role=\"img\" height=\"1em\" width=\"1em\" viewbox=\"0 0 256 512\"><path fill=\"currentColor\" d=\"M224.3 273l-136 136c-9.4 9.4-24.6 9.4-33.9 0l-22.6-22.6c-9.4-9.4-9.4-24.6 0-33.9l96.4-96.4-96.4-96.4c-9.4-9.4-9.4-24.6 0-33.9L54.3 103c9.4-9.4 24.6-9.4 33.9 0l136 136c9.5 9.4 9.5 24.6.1 34z\"><\/path><\/svg><\/span><span class=\"gb-headline-text\"><strong>Diagramas 3D<\/strong> de circuitos el\u00e9tricos<\/span><\/p>\n\n\n\n<p class=\"gb-headline gb-headline-83dd79e7\"><span class=\"gb-icon\"><svg xmlns=\"http:\/\/www.w3.org\/2000\/svg\" aria-hidden=\"true\" role=\"img\" height=\"1em\" width=\"1em\" viewbox=\"0 0 256 512\"><path fill=\"currentColor\" d=\"M224.3 273l-136 136c-9.4 9.4-24.6 9.4-33.9 0l-22.6-22.6c-9.4-9.4-9.4-24.6 0-33.9l96.4-96.4-96.4-96.4c-9.4-9.4-9.4-24.6 0-33.9L54.3 103c9.4-9.4 24.6-9.4 33.9 0l136 136c9.5 9.4 9.5 24.6.1 34z\"><\/path><\/svg><\/span><span class=\"gb-headline-text\"><strong>Calculadoras<\/strong> simples<\/span><\/p>\n\n<\/div><\/div><\/div>\n\n<div class=\"gb-grid-column gb-grid-column-b910f0a6\"><div class=\"gb-container gb-container-b910f0a6\"><div class=\"gb-inside-container\">\n\n<div class=\"wp-block-image-map-pro-image-map-pro\"><div id=\"image-map-pro-3170\"><\/div><\/div>\n\n<\/div><\/div><\/div>\n<\/div>\n<\/div><div class=\"gb-shapes\"><div class=\"gb-shape gb-shape-1\"><svg xmlns=\"http:\/\/www.w3.org\/2000\/svg\" viewBox=\"0 0 1200 194.3\" preserveAspectRatio=\"none\"><path d=\"M1200 133.3l-50 8.9c-50 8.6-150 26.9-250 31.1-100 4.2-200-4.2-300-26.7S400 89.2 300 62.2C200 35.8 100 17.5 50 8.9L0 0v194.3h1200v-61z\"\/><\/svg><\/div><\/div><\/div><div class=\"gb-container gb-container-e855c629\"><div class=\"gb-inside-container\">\n\n<div class=\"wp-block-image\"><figure class=\"aligncenter size-large\"><img loading=\"lazy\" decoding=\"async\" width=\"1024\" height=\"645\" src=\"https:\/\/www.electricity-magnetism.org\/wp-content\/uploads\/2022\/06\/hydraulic-analogy-electric-fluid-analogy-1024x645.png\" alt=\"analogia hidr&#xE1;ulica - analogia de fluido el&#xE9;trico\" class=\"wp-image-2535\" srcset=\"https:\/\/www.electricity-magnetism.org\/wp-content\/uploads\/2022\/06\/hydraulic-analogy-electric-fluid-analogy-1024x645.png 1024w, https:\/\/www.electricity-magnetism.org\/wp-content\/uploads\/2022\/06\/hydraulic-analogy-electric-fluid-analogy-300x189.png 300w, https:\/\/www.electricity-magnetism.org\/wp-content\/uploads\/2022\/06\/hydraulic-analogy-electric-fluid-analogy-768x484.png 768w, https:\/\/www.electricity-magnetism.org\/wp-content\/uploads\/2022\/06\/hydraulic-analogy-electric-fluid-analogy.png 1334w\" sizes=\"auto, (max-width: 1024px) 100vw, 1024px\" \/><figcaption>Para qualquer circuito, fluido ou el\u00e9trico, que tenha v\u00e1rias ramifica\u00e7\u00f5es e elementos paralelos, a taxa de fluxo atrav\u00e9s de qualquer se\u00e7\u00e3o transversal deve ser a mesma. Isso \u00e0s vezes \u00e9 chamado de princ\u00edpio da continuidade. Na hidr\u00e1ulica, a taxa de fluxo <strong>se<\/strong> estabilizar\u00e1 no ponto em que as <strong>perdas por atrito do loop cruzam as caracter\u00edsticas da bomba<\/strong>. Da mesma forma, em um circuito el\u00e9trico, para o qual a corrente se estabilizar\u00e1 onde R x I ser\u00e1 igual \u00e0 tens\u00e3o da fonte.<\/figcaption><\/figure><\/div>\n\n\n\n<h2 class=\"has-text-align-center wp-block-heading\"><strong>Analogia hidr\u00e1ulica<\/strong><\/h2>\n\n\n\n<p>A analogia hidr\u00e1ulica, ou a analogia el\u00e9trico-fluido, \u00e9 uma analogia amplamente usada entre hidr\u00e1ulica e eletricidade, que \u00e9 uma ferramenta \u00fatil para o ensino e para aqueles que est\u00e3o tendo dificuldades para entender como os circuitos funcionam. ele tamb\u00e9m pode ser aplicado a problemas de transfer\u00eancia de calor.  <\/p>\n\n\n\n<p>Como a corrente el\u00e9trica \u00e9 invis\u00edvel e os processos em jogo na eletr\u00f4nica s\u00e3o muitas vezes dif\u00edceis de demonstrar, os v\u00e1rios componentes eletr\u00f4nicos s\u00e3o representados por equivalentes hidr\u00e1ulicos. A rela\u00e7\u00e3o entre tens\u00e3o e corrente \u00e9 definida (em dispositivos \u00f4hmicos como resistores) pela lei de Ohm. A Lei de Ohm \u00e9 an\u00e1loga \u00e0 equa\u00e7\u00e3o de Hagen-Poiseuille, pois ambas s\u00e3o modelos lineares que relacionam fluxo e potencial em seus respectivos sistemas.<\/p>\n\n\n\n<p>A eletricidade (assim como o calor) foi originalmente entendida como um tipo de fluido, e os nomes de certas grandezas el\u00e9tricas (como corrente) s\u00e3o derivados de equivalentes hidr\u00e1ulicos.<\/p>\n\n\n\n<ul class=\"wp-block-list\"><li><strong>A tens\u00e3o<\/strong> \u00e9 como a diferen\u00e7a de press\u00e3o que empurra a \u00e1gua pela mangueira. Ele \u00e9 medido em volts (V). Esse modelo pressup\u00f5e que a \u00e1gua esteja fluindo horizontalmente, de modo que a for\u00e7a da gravidade possa ser ignorada.<\/li><li>A <strong>corrente<\/strong> \u00e9 equivalente a uma taxa de fluxo de volume hidr\u00e1ulico, ou seja, a quantidade volum\u00e9trica de \u00e1gua que flui ao longo do tempo. Normalmente medido em amperes. Quanto mais largo for o tubo, mais \u00e1gua fluir\u00e1 por ele. Ele \u00e9 medido em amperes (I ou A).<\/li><li>A <strong>carga el\u00e9trica<\/strong> \u00e9 equivalente a uma quantidade de \u00e1gua.<\/li><li><strong>A resist\u00eancia<\/strong> \u00e9 como o di\u00e2metro da tubula\u00e7\u00e3o ou obst\u00e1culos na mangueira que diminuem o fluxo de \u00e1gua. Ele \u00e9 medido em ohms (\u03a9). Na hidr\u00e1ulica, a resist\u00eancia est\u00e1 associada ao coeficiente de perda de press\u00e3o.<\/li><\/ul>\n\n\n\n<ul class=\"wp-block-list\"><li><strong>As baterias<\/strong> podem ser consideradas como bombas de \u00e1gua que fazem a \u00e1gua circular por uma mangueira que viaja em um circuito fechado de volta \u00e0 bateria. A bomba corresponde \u00e0 fonte ideal de tens\u00e3o ou corrente em um circuito CC. A presen\u00e7a de uma bomba hidr\u00e1ulica \u00e9 presumida em cada uma das descri\u00e7\u00f5es a seguir.<\/li><li><strong>Os resistores<\/strong> s\u00e3o compar\u00e1veis a uma se\u00e7\u00e3o da rede de tubula\u00e7\u00e3o em que o raio da tubula\u00e7\u00e3o \u00e9 estreitado, restringindo a taxa de fluxo de fluido nessa regi\u00e3o, da mesma forma que um resistor limita a corrente.<\/li><li><strong>Os fios<\/strong> e suas rela\u00e7\u00f5es com as bombas s\u00e3o bastante simples, pois o fio de cobre \u00e9 diretamente an\u00e1logo a um tubo cheio de \u00e1gua. A resist\u00eancia do pr\u00f3prio fio \u00e9 an\u00e1loga ao arrasto da \u00e1gua que flui por um cano.<\/li><li><strong>Os capacitores<\/strong> s\u00e3o equivalentes a um tanque com uma conex\u00e3o em cada extremidade e uma membrana que divide o tanque em dois no sentido do comprimento (um acumulador hidr\u00e1ulico). Quando a bomba do sistema come\u00e7ar a empurrar a \u00e1gua, a membrana se esticar\u00e1 em resposta \u00e0 press\u00e3o da \u00e1gua. A import\u00e2ncia do alongamento \u00e9 compar\u00e1vel \u00e0 quantidade de carga depositada em um capacitor. A partir dessa descri\u00e7\u00e3o, deve ser f\u00e1cil perceber que o alongamento dessa membrana representa a queda de tens\u00e3o em um circuito el\u00e9trico, e a descarga de um capacitor \u00e9 igualmente compar\u00e1vel ao retorno da membrana \u00e0 sua extens\u00e3o original.<\/li><li><strong>Os indutores<\/strong> s\u00e3o equivalentes a uma roda de p\u00e1s pesada colocada no fluxo do fluido. A massa da roda e o tamanho das l\u00e2minas restringem a capacidade da \u00e1gua de alterar rapidamente sua taxa de fluxo (corrente) atrav\u00e9s da roda devido aos efeitos da in\u00e9rcia, mas, com o tempo, um fluxo constante passar\u00e1 praticamente desimpedido pela roda, pois ela gira na mesma velocidade do fluxo de \u00e1gua.<\/li><li><strong>Os diodos<\/strong> na analogia hidr\u00e1ulica se comparam muito bem a uma v\u00e1lvula de controle direcional.<\/li><li><strong>Os transistores<\/strong> s\u00e3o como v\u00e1lvulas de controle. Podemos us\u00e1-los para controlar o fluxo (ON\/OFF) ou para controlar a taxa de fluxo (a corrente).<\/li><\/ul>\n\n<\/div><\/div>","protected":false},"excerpt":{"rendered":"","protected":false},"author":1,"featured_media":0,"parent":0,"menu_order":0,"comment_status":"closed","ping_status":"closed","template":"","meta":{"_generate-full-width-content":"","footnotes":""},"class_list":["post-2200","page","type-page","status-publish"],"yoast_head":"<!-- This site is optimized with the Yoast SEO plugin v17.9 - https:\/\/yoast.com\/wordpress\/plugins\/seo\/ -->\n<title>Eletricidade - Magnetismo<\/title>\n<meta name=\"description\" content=\"O objetivo principal deste projeto \u00e9 ajudar o p\u00fablico a aprender algumas informa\u00e7\u00f5es interessantes e importantes sobre eletricidade e magnetismo.\" \/>\n<meta name=\"robots\" content=\"index, follow, max-snippet:-1, max-image-preview:large, max-video-preview:-1\" \/>\n<link rel=\"canonical\" href=\"https:\/\/www.electricity-magnetism.org\/pt-br\/eletricidade-magnetismo\/\" \/>\n<meta property=\"og:locale\" content=\"pt_BR\" \/>\n<meta property=\"og:type\" content=\"article\" \/>\n<meta property=\"og:title\" content=\"Eletricidade - Magnetismo\" \/>\n<meta property=\"og:description\" content=\"O objetivo principal deste projeto \u00e9 ajudar o p\u00fablico a aprender algumas informa\u00e7\u00f5es interessantes e importantes sobre eletricidade e magnetismo.\" \/>\n<meta property=\"og:url\" content=\"https:\/\/www.electricity-magnetism.org\/pt-br\/eletricidade-magnetismo\/\" \/>\n<meta property=\"og:site_name\" content=\"Electricity - Magnetism\" \/>\n<meta property=\"article:modified_time\" content=\"2023-12-20T11:32:26+00:00\" \/>\n<meta property=\"og:image\" content=\"https:\/\/www.electricity-magnetism.org\/wp-content\/uploads\/2022\/06\/hydraulic-analogy-electric-fluid-analogy-1024x645.png\" \/>\n<meta name=\"twitter:card\" content=\"summary_large_image\" \/>\n<meta name=\"twitter:label1\" content=\"Est. tempo de leitura\" \/>\n\t<meta name=\"twitter:data1\" content=\"4 minutos\" \/>\n<script type=\"application\/ld+json\" class=\"yoast-schema-graph\">{\"@context\":\"https:\/\/schema.org\",\"@graph\":[{\"@type\":\"WebSite\",\"@id\":\"https:\/\/www.electricity-magnetism.org\/pt-br\/#website\",\"url\":\"https:\/\/www.electricity-magnetism.org\/pt-br\/\",\"name\":\"Electricity - Magnetism\",\"description\":\"All about electricity and magnetism.\",\"potentialAction\":[{\"@type\":\"SearchAction\",\"target\":{\"@type\":\"EntryPoint\",\"urlTemplate\":\"https:\/\/www.electricity-magnetism.org\/pt-br\/?s={search_term_string}\"},\"query-input\":\"required name=search_term_string\"}],\"inLanguage\":\"pt-BR\"},{\"@type\":\"ImageObject\",\"@id\":\"https:\/\/www.electricity-magnetism.org\/pt-br\/eletricidade-magnetismo\/#primaryimage\",\"inLanguage\":\"pt-BR\",\"url\":\"https:\/\/www.electricity-magnetism.org\/wp-content\/uploads\/2022\/06\/hydraulic-analogy-electric-fluid-analogy.png\",\"contentUrl\":\"https:\/\/www.electricity-magnetism.org\/wp-content\/uploads\/2022\/06\/hydraulic-analogy-electric-fluid-analogy.png\",\"width\":1334,\"height\":840,\"caption\":\"hydraulic analogy - electric fluid analogy\"},{\"@type\":\"WebPage\",\"@id\":\"https:\/\/www.electricity-magnetism.org\/pt-br\/eletricidade-magnetismo\/#webpage\",\"url\":\"https:\/\/www.electricity-magnetism.org\/pt-br\/eletricidade-magnetismo\/\",\"name\":\"Eletricidade - Magnetismo\",\"isPartOf\":{\"@id\":\"https:\/\/www.electricity-magnetism.org\/pt-br\/#website\"},\"primaryImageOfPage\":{\"@id\":\"https:\/\/www.electricity-magnetism.org\/pt-br\/eletricidade-magnetismo\/#primaryimage\"},\"datePublished\":\"2022-01-19T07:14:13+00:00\",\"dateModified\":\"2023-12-20T11:32:26+00:00\",\"description\":\"O objetivo principal deste projeto \\u00e9 ajudar o p\\u00fablico a aprender algumas informa\\u00e7\\u00f5es interessantes e importantes sobre eletricidade e magnetismo.\",\"breadcrumb\":{\"@id\":\"https:\/\/www.electricity-magnetism.org\/pt-br\/eletricidade-magnetismo\/#breadcrumb\"},\"inLanguage\":\"pt-BR\",\"potentialAction\":[{\"@type\":\"ReadAction\",\"target\":[\"https:\/\/www.electricity-magnetism.org\/pt-br\/eletricidade-magnetismo\/\"]}]},{\"@type\":\"BreadcrumbList\",\"@id\":\"https:\/\/www.electricity-magnetism.org\/pt-br\/eletricidade-magnetismo\/#breadcrumb\",\"itemListElement\":[{\"@type\":\"ListItem\",\"position\":1,\"name\":\"Home\",\"item\":\"https:\/\/www.electricity-magnetism.org\/pt-br\/electricity-magnetism-page\/\"},{\"@type\":\"ListItem\",\"position\":2,\"name\":\"Eletricidade &#8211; Magnetismo\"}]}]}<\/script>\n<!-- \/ Yoast SEO plugin. -->","yoast_head_json":{"title":"Eletricidade - Magnetismo","description":"O objetivo principal deste projeto \u00e9 ajudar o p\u00fablico a aprender algumas informa\u00e7\u00f5es interessantes e importantes sobre eletricidade e magnetismo.","robots":{"index":"index","follow":"follow","max-snippet":"max-snippet:-1","max-image-preview":"max-image-preview:large","max-video-preview":"max-video-preview:-1"},"canonical":"https:\/\/www.electricity-magnetism.org\/pt-br\/eletricidade-magnetismo\/","og_locale":"pt_BR","og_type":"article","og_title":"Eletricidade - Magnetismo","og_description":"O objetivo principal deste projeto \u00e9 ajudar o p\u00fablico a aprender algumas informa\u00e7\u00f5es interessantes e importantes sobre eletricidade e magnetismo.","og_url":"https:\/\/www.electricity-magnetism.org\/pt-br\/eletricidade-magnetismo\/","og_site_name":"Electricity - Magnetism","article_modified_time":"2023-12-20T11:32:26+00:00","og_image":[{"url":"https:\/\/www.electricity-magnetism.org\/wp-content\/uploads\/2022\/06\/hydraulic-analogy-electric-fluid-analogy-1024x645.png"}],"twitter_card":"summary_large_image","twitter_misc":{"Est. tempo de leitura":"4 minutos"},"schema":{"@context":"https:\/\/schema.org","@graph":[{"@type":"WebSite","@id":"https:\/\/www.electricity-magnetism.org\/pt-br\/#website","url":"https:\/\/www.electricity-magnetism.org\/pt-br\/","name":"Electricity - Magnetism","description":"All about electricity and magnetism.","potentialAction":[{"@type":"SearchAction","target":{"@type":"EntryPoint","urlTemplate":"https:\/\/www.electricity-magnetism.org\/pt-br\/?s={search_term_string}"},"query-input":"required name=search_term_string"}],"inLanguage":"pt-BR"},{"@type":"ImageObject","@id":"https:\/\/www.electricity-magnetism.org\/pt-br\/eletricidade-magnetismo\/#primaryimage","inLanguage":"pt-BR","url":"https:\/\/www.electricity-magnetism.org\/wp-content\/uploads\/2022\/06\/hydraulic-analogy-electric-fluid-analogy.png","contentUrl":"https:\/\/www.electricity-magnetism.org\/wp-content\/uploads\/2022\/06\/hydraulic-analogy-electric-fluid-analogy.png","width":1334,"height":840,"caption":"hydraulic analogy - electric fluid analogy"},{"@type":"WebPage","@id":"https:\/\/www.electricity-magnetism.org\/pt-br\/eletricidade-magnetismo\/#webpage","url":"https:\/\/www.electricity-magnetism.org\/pt-br\/eletricidade-magnetismo\/","name":"Eletricidade - Magnetismo","isPartOf":{"@id":"https:\/\/www.electricity-magnetism.org\/pt-br\/#website"},"primaryImageOfPage":{"@id":"https:\/\/www.electricity-magnetism.org\/pt-br\/eletricidade-magnetismo\/#primaryimage"},"datePublished":"2022-01-19T07:14:13+00:00","dateModified":"2023-12-20T11:32:26+00:00","description":"O objetivo principal deste projeto \u00e9 ajudar o p\u00fablico a aprender algumas informa\u00e7\u00f5es interessantes e importantes sobre eletricidade e magnetismo.","breadcrumb":{"@id":"https:\/\/www.electricity-magnetism.org\/pt-br\/eletricidade-magnetismo\/#breadcrumb"},"inLanguage":"pt-BR","potentialAction":[{"@type":"ReadAction","target":["https:\/\/www.electricity-magnetism.org\/pt-br\/eletricidade-magnetismo\/"]}]},{"@type":"BreadcrumbList","@id":"https:\/\/www.electricity-magnetism.org\/pt-br\/eletricidade-magnetismo\/#breadcrumb","itemListElement":[{"@type":"ListItem","position":1,"name":"Home","item":"https:\/\/www.electricity-magnetism.org\/pt-br\/electricity-magnetism-page\/"},{"@type":"ListItem","position":2,"name":"Eletricidade &#8211; Magnetismo"}]}]}},"_links":{"self":[{"href":"https:\/\/www.electricity-magnetism.org\/pt-br\/wp-json\/wp\/v2\/pages\/2200","targetHints":{"allow":["GET"]}}],"collection":[{"href":"https:\/\/www.electricity-magnetism.org\/pt-br\/wp-json\/wp\/v2\/pages"}],"about":[{"href":"https:\/\/www.electricity-magnetism.org\/pt-br\/wp-json\/wp\/v2\/types\/page"}],"author":[{"embeddable":true,"href":"https:\/\/www.electricity-magnetism.org\/pt-br\/wp-json\/wp\/v2\/users\/1"}],"replies":[{"embeddable":true,"href":"https:\/\/www.electricity-magnetism.org\/pt-br\/wp-json\/wp\/v2\/comments?post=2200"}],"version-history":[{"count":0,"href":"https:\/\/www.electricity-magnetism.org\/pt-br\/wp-json\/wp\/v2\/pages\/2200\/revisions"}],"wp:attachment":[{"href":"https:\/\/www.electricity-magnetism.org\/pt-br\/wp-json\/wp\/v2\/media?parent=2200"}],"curies":[{"name":"wp","href":"https:\/\/api.w.org\/{rel}","templated":true}]}}