{"id":2192,"date":"2022-01-19T07:14:13","date_gmt":"2022-01-19T07:14:13","guid":{"rendered":"https:\/\/www.electricity-magnetism.org\/electricite-magnetisme\/"},"modified":"2023-12-20T11:32:14","modified_gmt":"2023-12-20T11:32:14","slug":"electricite-magnetisme","status":"publish","type":"page","link":"https:\/\/www.electricity-magnetism.org\/fr\/electricite-magnetisme\/","title":{"rendered":"\u00c9lectricit\u00e9 &#8211; Magn\u00e9tisme"},"content":{"rendered":"<div class=\"gb-container gb-container-fdbd6300\"><div class=\"gb-inside-container\">\n<div class=\"gb-grid-wrapper gb-grid-wrapper-126af6dc\">\n<div class=\"gb-grid-column gb-grid-column-c1544595\"><div class=\"gb-container gb-container-c1544595\"><div class=\"gb-inside-container\">\n\n<h2 class=\"gb-headline gb-headline-b526b385\"><span class=\"gb-icon\"><svg xmlns=\"http:\/\/www.w3.org\/2000\/svg\" viewbox=\"0 0 80 42\" data-name=\"subtract\"><path d=\"M0 20.06h80v1.87H0z\"><\/path><\/svg><\/span><span class=\"gb-headline-text\">\u00c0 propos de ce site Web<\/span><\/h2>\n\n\n\n<h2 class=\"gb-headline gb-headline-a14ed650 gb-headline-text\">Electricit\u00e9 et <mark class=\"gb-highlight\">Magn\u00e9tisme<\/mark> simplement et facilement<\/h2>\n\n\n\n<p>Ce site Web a \u00e9t\u00e9 fond\u00e9 en tant que projet \u00e0 but non lucratif, enti\u00e8rement construit par un groupe de jeunes ing\u00e9nieurs. L&rsquo;ensemble du site Web est bas\u00e9 sur nos points de vue personnels et ne repr\u00e9sente pas le point de vue d&rsquo;une entreprise du secteur de l&rsquo;\u00e9nergie.<\/p>\n\n\n\n<p>L&rsquo;objectif principal de ce projet est d&rsquo;aider le public \u00e0 apprendre des informations passionnantes et importantes sur l&rsquo;\u00e9lectricit\u00e9 et le magn\u00e9tisme.<\/p>\n\n\n\n<p>Profitez de notre :<\/p>\n\n\n\n<p class=\"gb-headline gb-headline-e3d9f3f4\"><span class=\"gb-icon\"><svg xmlns=\"http:\/\/www.w3.org\/2000\/svg\" aria-hidden=\"true\" role=\"img\" height=\"1em\" width=\"1em\" viewbox=\"0 0 256 512\"><path fill=\"currentColor\" d=\"M224.3 273l-136 136c-9.4 9.4-24.6 9.4-33.9 0l-22.6-22.6c-9.4-9.4-9.4-24.6 0-33.9l96.4-96.4-96.4-96.4c-9.4-9.4-9.4-24.6 0-33.9L54.3 103c9.4-9.4 24.6-9.4 33.9 0l136 136c9.5 9.4 9.5 24.6.1 34z\"><\/path><\/svg><\/span><span class=\"gb-headline-text\"><strong>Images interactives<\/strong><\/span><\/p>\n\n\n\n<p class=\"gb-headline gb-headline-505b7a61\"><span class=\"gb-icon\"><svg xmlns=\"http:\/\/www.w3.org\/2000\/svg\" aria-hidden=\"true\" role=\"img\" height=\"1em\" width=\"1em\" viewbox=\"0 0 256 512\"><path fill=\"currentColor\" d=\"M224.3 273l-136 136c-9.4 9.4-24.6 9.4-33.9 0l-22.6-22.6c-9.4-9.4-9.4-24.6 0-33.9l96.4-96.4-96.4-96.4c-9.4-9.4-9.4-24.6 0-33.9L54.3 103c9.4-9.4 24.6-9.4 33.9 0l136 136c9.5 9.4 9.5 24.6.1 34z\"><\/path><\/svg><\/span><span class=\"gb-headline-text\"><strong>Sch\u00e9mas 3D<\/strong> de circuits \u00e9lectriques<\/span><\/p>\n\n\n\n<p class=\"gb-headline gb-headline-83dd79e7\"><span class=\"gb-icon\"><svg xmlns=\"http:\/\/www.w3.org\/2000\/svg\" aria-hidden=\"true\" role=\"img\" height=\"1em\" width=\"1em\" viewbox=\"0 0 256 512\"><path fill=\"currentColor\" d=\"M224.3 273l-136 136c-9.4 9.4-24.6 9.4-33.9 0l-22.6-22.6c-9.4-9.4-9.4-24.6 0-33.9l96.4-96.4-96.4-96.4c-9.4-9.4-9.4-24.6 0-33.9L54.3 103c9.4-9.4 24.6-9.4 33.9 0l136 136c9.5 9.4 9.5 24.6.1 34z\"><\/path><\/svg><\/span><span class=\"gb-headline-text\"><strong>Calculatrices<\/strong> simples<\/span><\/p>\n\n<\/div><\/div><\/div>\n\n<div class=\"gb-grid-column gb-grid-column-b910f0a6\"><div class=\"gb-container gb-container-b910f0a6\"><div class=\"gb-inside-container\">\n\n<div class=\"wp-block-image-map-pro-image-map-pro\"><div id=\"image-map-pro-3170\"><\/div><\/div>\n\n<\/div><\/div><\/div>\n<\/div>\n<\/div><div class=\"gb-shapes\"><div class=\"gb-shape gb-shape-1\"><svg xmlns=\"http:\/\/www.w3.org\/2000\/svg\" viewBox=\"0 0 1200 194.3\" preserveAspectRatio=\"none\"><path d=\"M1200 133.3l-50 8.9c-50 8.6-150 26.9-250 31.1-100 4.2-200-4.2-300-26.7S400 89.2 300 62.2C200 35.8 100 17.5 50 8.9L0 0v194.3h1200v-61z\"\/><\/svg><\/div><\/div><\/div><div class=\"gb-container gb-container-e855c629\"><div class=\"gb-inside-container\">\n\n<div class=\"wp-block-image\"><figure class=\"aligncenter size-large\"><img loading=\"lazy\" decoding=\"async\" width=\"1024\" height=\"645\" src=\"https:\/\/www.electricity-magnetism.org\/wp-content\/uploads\/2022\/06\/hydraulic-analogy-electric-fluid-analogy-1024x645.png\" alt=\"analogie hydraulique - analogie avec les fluides &#xE9;lectriques\" class=\"wp-image-2530\" srcset=\"https:\/\/www.electricity-magnetism.org\/wp-content\/uploads\/2022\/06\/hydraulic-analogy-electric-fluid-analogy-1024x645.png 1024w, https:\/\/www.electricity-magnetism.org\/wp-content\/uploads\/2022\/06\/hydraulic-analogy-electric-fluid-analogy-300x189.png 300w, https:\/\/www.electricity-magnetism.org\/wp-content\/uploads\/2022\/06\/hydraulic-analogy-electric-fluid-analogy-768x484.png 768w, https:\/\/www.electricity-magnetism.org\/wp-content\/uploads\/2022\/06\/hydraulic-analogy-electric-fluid-analogy.png 1334w\" sizes=\"auto, (max-width: 1024px) 100vw, 1024px\" \/><figcaption>Pour tout circuit, fluide ou \u00e9lectrique, qui comporte plusieurs branches et \u00e9l\u00e9ments parall\u00e8les, le d\u00e9bit \u00e0 travers n&rsquo;importe quelle section doit \u00eatre le m\u00eame. C&rsquo;est ce que l&rsquo;on appelle parfois le principe de continuit\u00e9. En hydraulique, le d\u00e9bit <strong>se stabilise<\/strong> au point o\u00f9 les <strong>pertes par frottement de la boucle croisent les caract\u00e9ristiques de la pompe<\/strong>. De m\u00eame pour un circuit \u00e9lectrique, pour lequel le courant se stabilisera o\u00f9 R x I sera \u00e9gal \u00e0 la tension de la source.<\/figcaption><\/figure><\/div>\n\n\n\n<h2 class=\"has-text-align-center wp-block-heading\"><strong>Analogie hydraulique<\/strong><\/h2>\n\n\n\n<p>L&rsquo;analogie hydraulique, ou analogie du fluide \u00e9lectrique, est une analogie largement utilis\u00e9e entre l&rsquo;hydraulique et l&rsquo;\u00e9lectricit\u00e9, qui constitue un outil utile pour l&rsquo;enseignement et pour ceux qui ont du mal \u00e0 comprendre le fonctionnement des circuits. il peut \u00e9galement \u00eatre appliqu\u00e9 aux probl\u00e8mes de transfert de chaleur.  <\/p>\n\n\n\n<p>Comme le courant \u00e9lectrique est invisible et que les processus en jeu dans l&rsquo;\u00e9lectronique sont souvent difficiles \u00e0 d\u00e9montrer, les diff\u00e9rents composants \u00e9lectroniques sont repr\u00e9sent\u00e9s par des \u00e9quivalents hydrauliques. La relation entre la tension et le courant est d\u00e9finie (dans les dispositifs ohmiques tels que les r\u00e9sistances) par la loi d&rsquo;Ohm. La loi d&rsquo;Ohm est analogue \u00e0 l&rsquo;\u00e9quation de Hagen-Poiseuille, les deux \u00e9tant des mod\u00e8les lin\u00e9aires reliant le flux et le potentiel dans leurs syst\u00e8mes respectifs.<\/p>\n\n\n\n<p>L&rsquo;\u00e9lectricit\u00e9 (tout comme la chaleur) \u00e9tait \u00e0 l&rsquo;origine consid\u00e9r\u00e9e comme une sorte de fluide, et les noms de certaines grandeurs \u00e9lectriques (comme le courant) sont d\u00e9riv\u00e9s d&rsquo;\u00e9quivalents hydrauliques.<\/p>\n\n\n\n<ul class=\"wp-block-list\"><li>La <strong>tension<\/strong> est comme la diff\u00e9rence de pression qui pousse l&rsquo;eau dans le tuyau. Elle est mesur\u00e9e en volts (V). Ce mod\u00e8le suppose que l&rsquo;eau s&rsquo;\u00e9coule horizontalement, de sorte que la force de gravit\u00e9 peut \u00eatre ignor\u00e9e.<\/li><li>Le <strong>courant<\/strong> est l&rsquo;\u00e9quivalent d&rsquo;un d\u00e9bit hydraulique, c&rsquo;est-\u00e0-dire la quantit\u00e9 volum\u00e9trique d&rsquo;eau qui s&rsquo;\u00e9coule dans le temps. G\u00e9n\u00e9ralement mesur\u00e9 en amp\u00e8res. Plus le tuyau est large, plus l&rsquo;eau s&rsquo;\u00e9coule. Elle est mesur\u00e9e en amp\u00e8res (I ou A).<\/li><li>La <strong>charge \u00e9lectrique<\/strong> est \u00e9quivalente \u00e0 une quantit\u00e9 d&rsquo;eau.<\/li><li>La <strong>r\u00e9sistance<\/strong> est le diam\u00e8tre du tuyau ou les obstacles dans le tuyau qui ralentissent l&rsquo;\u00e9coulement de l&rsquo;eau. Elle est mesur\u00e9e en ohms (\u03a9). En hydraulique, la r\u00e9sistance est associ\u00e9e au coefficient de perte de charge.<\/li><\/ul>\n\n\n\n<ul class=\"wp-block-list\"><li>Les <strong>batteries<\/strong> peuvent \u00eatre consid\u00e9r\u00e9es comme des pompes \u00e0 eau qui font circuler l&rsquo;eau dans un tuyau qui revient en boucle ferm\u00e9e jusqu&rsquo;\u00e0 la batterie. La pompe correspond \u00e0 la source de tension ou de courant id\u00e9ale dans un circuit \u00e0 courant continu. La pr\u00e9sence d&rsquo;une pompe hydraulique est suppos\u00e9e dans chacune des descriptions suivantes.<\/li><li>Les <strong>r\u00e9sistances<\/strong> sont comparables \u00e0 une section du r\u00e9seau de canalisations dont le rayon est r\u00e9duit, ce qui limite le d\u00e9bit du fluide dans cette r\u00e9gion, de la m\u00eame mani\u00e8re qu&rsquo;une r\u00e9sistance limite le courant.<\/li><li>Les <strong>fils<\/strong> et leurs relations avec les pompes sont assez simples, car le fil de cuivre est directement analogue \u00e0 un tuyau rempli d&rsquo;eau. La r\u00e9sistance du fil lui-m\u00eame est analogue \u00e0 la r\u00e9sistance de l&rsquo;eau qui s&rsquo;\u00e9coule dans un tuyau.<\/li><li>Les <strong>condensateurs<\/strong> sont \u00e9quivalents \u00e0 un r\u00e9servoir avec un raccord \u00e0 chaque extr\u00e9mit\u00e9 et une membrane divisant le r\u00e9servoir en deux dans le sens de la longueur (un accumulateur hydraulique). Lorsque la pompe du syst\u00e8me commence \u00e0 pousser l&rsquo;eau, la membrane s&rsquo;\u00e9tire en r\u00e9ponse \u00e0 la pression de l&rsquo;eau. L&rsquo;importance de l&rsquo;\u00e9tirement est comparable \u00e0 la quantit\u00e9 de charge d\u00e9pos\u00e9e sur un condensateur. Cette description devrait permettre de comprendre assez facilement que l&rsquo;\u00e9tirement de cette membrane repr\u00e9sente la chute de tension dans un circuit \u00e9lectrique, et que la d\u00e9charge d&rsquo;un condensateur est \u00e9galement comparable au retour de la membrane \u00e0 son \u00e9tendue d&rsquo;origine.<\/li><li>Les <strong>inducteurs<\/strong> sont \u00e9quivalents \u00e0 une lourde roue \u00e0 aubes plac\u00e9e dans l&rsquo;\u00e9coulement du fluide. La masse de la roue et la taille des pales limitent la capacit\u00e9 de l&rsquo;eau \u00e0 modifier rapidement son d\u00e9bit (courant) \u00e0 travers la roue en raison des effets de l&rsquo;inertie, mais, avec le temps, un flux constant passera presque sans entrave \u00e0 travers la roue, car celle-ci tourne \u00e0 la m\u00eame vitesse que le flux d&rsquo;eau.<\/li><li>Dans l&rsquo;analogie hydraulique, les <strong>diodes<\/strong> se comparent assez bien \u00e0 une vanne de contr\u00f4le directionnel.<\/li><li>Les <strong>transistors<\/strong> sont comme des vannes de contr\u00f4le. Nous pouvons les utiliser pour contr\u00f4ler le d\u00e9bit (ON\/OFF), ou nous pouvons les utiliser pour contr\u00f4ler le taux de d\u00e9bit (le courant).<\/li><\/ul>\n\n<\/div><\/div>","protected":false},"excerpt":{"rendered":"","protected":false},"author":1,"featured_media":0,"parent":0,"menu_order":0,"comment_status":"closed","ping_status":"closed","template":"","meta":{"_generate-full-width-content":"","footnotes":""},"class_list":["post-2192","page","type-page","status-publish"],"yoast_head":"<!-- This site is optimized with the Yoast SEO plugin v17.9 - https:\/\/yoast.com\/wordpress\/plugins\/seo\/ -->\n<title>\u00c9lectricit\u00e9 - Magn\u00e9tisme%page%%%%.<\/title>\n<meta name=\"description\" content=\"L&#039;objectif principal de ce projet est d&#039;aider le public \u00e0 apprendre des informations passionnantes et importantes sur l&#039;\u00e9lectricit\u00e9 et le magn\u00e9tisme.\" \/>\n<meta name=\"robots\" content=\"index, follow, max-snippet:-1, max-image-preview:large, max-video-preview:-1\" \/>\n<link rel=\"canonical\" href=\"https:\/\/www.electricity-magnetism.org\/fr\/electricite-magnetisme\/\" \/>\n<meta property=\"og:locale\" content=\"fr_FR\" \/>\n<meta property=\"og:type\" content=\"article\" \/>\n<meta property=\"og:title\" content=\"\u00c9lectricit\u00e9 - Magn\u00e9tisme%page%%%%.\" \/>\n<meta property=\"og:description\" content=\"L&#039;objectif principal de ce projet est d&#039;aider le public \u00e0 apprendre des informations passionnantes et importantes sur l&#039;\u00e9lectricit\u00e9 et le magn\u00e9tisme.\" \/>\n<meta property=\"og:url\" content=\"https:\/\/www.electricity-magnetism.org\/fr\/electricite-magnetisme\/\" \/>\n<meta property=\"og:site_name\" content=\"Electricity - Magnetism\" \/>\n<meta property=\"article:modified_time\" content=\"2023-12-20T11:32:14+00:00\" \/>\n<meta property=\"og:image\" content=\"https:\/\/www.electricity-magnetism.org\/wp-content\/uploads\/2022\/06\/hydraulic-analogy-electric-fluid-analogy-1024x645.png\" \/>\n<meta name=\"twitter:card\" content=\"summary_large_image\" \/>\n<meta name=\"twitter:label1\" content=\"Dur\u00e9e de lecture estim\u00e9e\" \/>\n\t<meta name=\"twitter:data1\" content=\"4 minutes\" \/>\n<script type=\"application\/ld+json\" class=\"yoast-schema-graph\">{\"@context\":\"https:\/\/schema.org\",\"@graph\":[{\"@type\":\"WebSite\",\"@id\":\"https:\/\/www.electricity-magnetism.org\/fr\/#website\",\"url\":\"https:\/\/www.electricity-magnetism.org\/fr\/\",\"name\":\"Electricity - Magnetism\",\"description\":\"All about electricity and magnetism.\",\"potentialAction\":[{\"@type\":\"SearchAction\",\"target\":{\"@type\":\"EntryPoint\",\"urlTemplate\":\"https:\/\/www.electricity-magnetism.org\/fr\/?s={search_term_string}\"},\"query-input\":\"required name=search_term_string\"}],\"inLanguage\":\"fr-FR\"},{\"@type\":\"ImageObject\",\"@id\":\"https:\/\/www.electricity-magnetism.org\/fr\/electricite-magnetisme\/#primaryimage\",\"inLanguage\":\"fr-FR\",\"url\":\"https:\/\/www.electricity-magnetism.org\/wp-content\/uploads\/2022\/06\/hydraulic-analogy-electric-fluid-analogy.png\",\"contentUrl\":\"https:\/\/www.electricity-magnetism.org\/wp-content\/uploads\/2022\/06\/hydraulic-analogy-electric-fluid-analogy.png\",\"width\":1334,\"height\":840,\"caption\":\"hydraulic analogy - electric fluid analogy\"},{\"@type\":\"WebPage\",\"@id\":\"https:\/\/www.electricity-magnetism.org\/fr\/electricite-magnetisme\/#webpage\",\"url\":\"https:\/\/www.electricity-magnetism.org\/fr\/electricite-magnetisme\/\",\"name\":\"\\u00c9lectricit\\u00e9 - Magn\\u00e9tisme%page%%%%.\",\"isPartOf\":{\"@id\":\"https:\/\/www.electricity-magnetism.org\/fr\/#website\"},\"primaryImageOfPage\":{\"@id\":\"https:\/\/www.electricity-magnetism.org\/fr\/electricite-magnetisme\/#primaryimage\"},\"datePublished\":\"2022-01-19T07:14:13+00:00\",\"dateModified\":\"2023-12-20T11:32:14+00:00\",\"description\":\"L'objectif principal de ce projet est d'aider le public \\u00e0 apprendre des informations passionnantes et importantes sur l'\\u00e9lectricit\\u00e9 et le magn\\u00e9tisme.\",\"breadcrumb\":{\"@id\":\"https:\/\/www.electricity-magnetism.org\/fr\/electricite-magnetisme\/#breadcrumb\"},\"inLanguage\":\"fr-FR\",\"potentialAction\":[{\"@type\":\"ReadAction\",\"target\":[\"https:\/\/www.electricity-magnetism.org\/fr\/electricite-magnetisme\/\"]}]},{\"@type\":\"BreadcrumbList\",\"@id\":\"https:\/\/www.electricity-magnetism.org\/fr\/electricite-magnetisme\/#breadcrumb\",\"itemListElement\":[{\"@type\":\"ListItem\",\"position\":1,\"name\":\"Home\",\"item\":\"https:\/\/www.electricity-magnetism.org\/fr\/electricity-magnetism-page\/\"},{\"@type\":\"ListItem\",\"position\":2,\"name\":\"\\u00c9lectricit\\u00e9 &#8211; Magn\\u00e9tisme\"}]}]}<\/script>\n<!-- \/ Yoast SEO plugin. -->","yoast_head_json":{"title":"\u00c9lectricit\u00e9 - Magn\u00e9tisme%page%%%%.","description":"L'objectif principal de ce projet est d'aider le public \u00e0 apprendre des informations passionnantes et importantes sur l'\u00e9lectricit\u00e9 et le magn\u00e9tisme.","robots":{"index":"index","follow":"follow","max-snippet":"max-snippet:-1","max-image-preview":"max-image-preview:large","max-video-preview":"max-video-preview:-1"},"canonical":"https:\/\/www.electricity-magnetism.org\/fr\/electricite-magnetisme\/","og_locale":"fr_FR","og_type":"article","og_title":"\u00c9lectricit\u00e9 - Magn\u00e9tisme%page%%%%.","og_description":"L'objectif principal de ce projet est d'aider le public \u00e0 apprendre des informations passionnantes et importantes sur l'\u00e9lectricit\u00e9 et le magn\u00e9tisme.","og_url":"https:\/\/www.electricity-magnetism.org\/fr\/electricite-magnetisme\/","og_site_name":"Electricity - Magnetism","article_modified_time":"2023-12-20T11:32:14+00:00","og_image":[{"url":"https:\/\/www.electricity-magnetism.org\/wp-content\/uploads\/2022\/06\/hydraulic-analogy-electric-fluid-analogy-1024x645.png"}],"twitter_card":"summary_large_image","twitter_misc":{"Dur\u00e9e de lecture estim\u00e9e":"4 minutes"},"schema":{"@context":"https:\/\/schema.org","@graph":[{"@type":"WebSite","@id":"https:\/\/www.electricity-magnetism.org\/fr\/#website","url":"https:\/\/www.electricity-magnetism.org\/fr\/","name":"Electricity - Magnetism","description":"All about electricity and magnetism.","potentialAction":[{"@type":"SearchAction","target":{"@type":"EntryPoint","urlTemplate":"https:\/\/www.electricity-magnetism.org\/fr\/?s={search_term_string}"},"query-input":"required name=search_term_string"}],"inLanguage":"fr-FR"},{"@type":"ImageObject","@id":"https:\/\/www.electricity-magnetism.org\/fr\/electricite-magnetisme\/#primaryimage","inLanguage":"fr-FR","url":"https:\/\/www.electricity-magnetism.org\/wp-content\/uploads\/2022\/06\/hydraulic-analogy-electric-fluid-analogy.png","contentUrl":"https:\/\/www.electricity-magnetism.org\/wp-content\/uploads\/2022\/06\/hydraulic-analogy-electric-fluid-analogy.png","width":1334,"height":840,"caption":"hydraulic analogy - electric fluid analogy"},{"@type":"WebPage","@id":"https:\/\/www.electricity-magnetism.org\/fr\/electricite-magnetisme\/#webpage","url":"https:\/\/www.electricity-magnetism.org\/fr\/electricite-magnetisme\/","name":"\u00c9lectricit\u00e9 - Magn\u00e9tisme%page%%%%.","isPartOf":{"@id":"https:\/\/www.electricity-magnetism.org\/fr\/#website"},"primaryImageOfPage":{"@id":"https:\/\/www.electricity-magnetism.org\/fr\/electricite-magnetisme\/#primaryimage"},"datePublished":"2022-01-19T07:14:13+00:00","dateModified":"2023-12-20T11:32:14+00:00","description":"L'objectif principal de ce projet est d'aider le public \u00e0 apprendre des informations passionnantes et importantes sur l'\u00e9lectricit\u00e9 et le magn\u00e9tisme.","breadcrumb":{"@id":"https:\/\/www.electricity-magnetism.org\/fr\/electricite-magnetisme\/#breadcrumb"},"inLanguage":"fr-FR","potentialAction":[{"@type":"ReadAction","target":["https:\/\/www.electricity-magnetism.org\/fr\/electricite-magnetisme\/"]}]},{"@type":"BreadcrumbList","@id":"https:\/\/www.electricity-magnetism.org\/fr\/electricite-magnetisme\/#breadcrumb","itemListElement":[{"@type":"ListItem","position":1,"name":"Home","item":"https:\/\/www.electricity-magnetism.org\/fr\/electricity-magnetism-page\/"},{"@type":"ListItem","position":2,"name":"\u00c9lectricit\u00e9 &#8211; Magn\u00e9tisme"}]}]}},"_links":{"self":[{"href":"https:\/\/www.electricity-magnetism.org\/fr\/wp-json\/wp\/v2\/pages\/2192","targetHints":{"allow":["GET"]}}],"collection":[{"href":"https:\/\/www.electricity-magnetism.org\/fr\/wp-json\/wp\/v2\/pages"}],"about":[{"href":"https:\/\/www.electricity-magnetism.org\/fr\/wp-json\/wp\/v2\/types\/page"}],"author":[{"embeddable":true,"href":"https:\/\/www.electricity-magnetism.org\/fr\/wp-json\/wp\/v2\/users\/1"}],"replies":[{"embeddable":true,"href":"https:\/\/www.electricity-magnetism.org\/fr\/wp-json\/wp\/v2\/comments?post=2192"}],"version-history":[{"count":0,"href":"https:\/\/www.electricity-magnetism.org\/fr\/wp-json\/wp\/v2\/pages\/2192\/revisions"}],"wp:attachment":[{"href":"https:\/\/www.electricity-magnetism.org\/fr\/wp-json\/wp\/v2\/media?parent=2192"}],"curies":[{"name":"wp","href":"https:\/\/api.w.org\/{rel}","templated":true}]}}