{"id":76747,"date":"2023-03-07T18:10:20","date_gmt":"2023-03-07T18:10:20","guid":{"rendered":"https:\/\/www.electricity-magnetism.org\/ejemplos-de-corrientes-electricas-en-amperios\/"},"modified":"2023-12-27T09:48:41","modified_gmt":"2023-12-27T09:48:41","slug":"ejemplos-de-corrientes-electricas-en-amperios","status":"publish","type":"page","link":"https:\/\/www.electricity-magnetism.org\/es\/ejemplos-de-corrientes-electricas-en-amperios\/","title":{"rendered":"Ejemplos de corrientes el\u00e9ctricas en amperios"},"content":{"rendered":"<div class=\"gb-container gb-container-698e12e6\"><div class=\"gb-inside-container\">\n\n<h2 class=\"has-text-align-center wp-block-heading\">Corriente el\u00e9ctrica<\/h2>\n\n\n\n<p>La <strong>corriente<\/strong> el\u00e9ctrica es el flujo de carga el\u00e9ctrica a trav\u00e9s de un material. Es la velocidad a la que <a href=\"https:\/\/www.electricity-magnetism.org\/es\/electrostatica\/carga-electrica\/\">la carga el\u00e9ctrica<\/a> fluye m\u00e1s all\u00e1 de un punto en un circuito. El flujo de carga el\u00e9ctrica suele ser transportado por <a href=\"https:\/\/www.nuclear-power.com\/nuclear-power\/reactor-physics\/atomic-nuclear-physics\/fundamental-particles\/what-is-electron-properties-of-electron\/\">electrones<\/a>, que son part\u00edculas con carga negativa.<\/p>\n\n\n\n<p>La unidad del SI para la corriente es el culombio por segundo, o el amperio (A), que es una unidad b\u00e1sica del SI:  <\/p>\n\n\n\n<p class=\"has-text-align-center\" style=\"font-size:28px\">1 amperio = 1A = 1 culombio por segundo = 1 C\/s.<\/p>\n\n\n\n<h2 class=\"has-text-align-center wp-block-heading\">Ejemplos de corrientes el\u00e9ctricas en amperios<\/h2>\n\n\n\n<p>Aqu\u00ed tienes diez ejemplos de corrientes el\u00e9ctricas en amperios, ordenadas de menor a mayor:<\/p>\n\n\n\n<ol class=\"wp-block-list\"><li>La corriente necesaria para encender un LED (diodo emisor de luz) suele oscilar entre 10 y 20 miliamperios (mA).<\/li><li>La corriente de carga de un peque\u00f1o dispositivo alimentado por USB, como un smartphone, suele rondar 1 amperio (A).<\/li><li>La corriente que circula por una bombilla dom\u00e9stica cuando est\u00e1 encendida suele oscilar entre 0,1 y 1 A.<\/li><li>La corriente que circula por un cargador de port\u00e1til t\u00edpico es de unos 2-3 A.<\/li><li>La corriente necesaria para arrancar el motor de un coche suele rondar los 50-100 A.<\/li><li>La corriente que circula por una estufa el\u00e9ctrica dom\u00e9stica cuando todos sus elementos calefactores est\u00e1n encendidos puede oscilar entre 20 y 50 A.<\/li><li>La corriente que circula por un tren de alta velocidad puede oscilar entre 1.000 y 3.000 A.<\/li><li>La corriente que circula por una estaci\u00f3n de recarga de coches el\u00e9ctricos puede oscilar entre 20 y 400 A, en funci\u00f3n de la velocidad de carga.<\/li><li>La corriente necesaria para alimentar un peque\u00f1o motor el\u00e9ctrico, como los utilizados en herramientas el\u00e9ctricas o electrodom\u00e9sticos, puede oscilar entre unos pocos amperios y varios cientos de amperios.<\/li><li>La corriente que circula por una soldadora industrial t\u00edpica puede oscilar entre 50 y 500 A.<\/li><\/ol>\n\n<\/div><\/div>\n<hr class=\"wp-block-separator has-text-color has-background has-contrast-2-background-color has-contrast-2-color is-style-default\"\/>\n<div class=\"gb-container gb-container-e64c7b4f\"><div class=\"gb-inside-container\">\n\n<div style=\"height:50px\" aria-hidden=\"true\" class=\"wp-block-spacer\"><\/div>\n\n<\/div><div class=\"gb-shapes\"><div class=\"gb-shape gb-shape-1\"><svg xmlns=\"http:\/\/www.w3.org\/2000\/svg\" viewBox=\"0 0 1200 230\" preserveAspectRatio=\"none\"><path d=\"M1200 207.2L600 0 0 207.2V230h1200z\"\/><\/svg><\/div><\/div><\/div><div class=\"gb-container gb-container-7a94ff5f\"><div class=\"gb-inside-container\">\n\n<a href=\"https:\/\/www.electricity-magnetism.org\/ohms-law\/\" class=\"superbutton\">\n<span><\/span>\n<span><\/span>\n<span><\/span>\n<span><\/span>\n pr\u00f3ximo \nArt\u00edculo\n<\/a>\n\n<\/div><\/div>\n<p><\/p>\n","protected":false},"excerpt":{"rendered":"<p>Corriente el\u00e9ctrica La corriente el\u00e9ctrica es el flujo de carga el\u00e9ctrica a trav\u00e9s de un material. Es la velocidad a la que la carga el\u00e9ctrica fluye m\u00e1s all\u00e1 de un &#8230; <a title=\"Ejemplos de corrientes el\u00e9ctricas en amperios\" class=\"read-more\" href=\"https:\/\/www.electricity-magnetism.org\/es\/ejemplos-de-corrientes-electricas-en-amperios\/\" aria-label=\"M\u00e1s en Ejemplos de corrientes el\u00e9ctricas en amperios\">Leer m\u00e1s<\/a><\/p>\n","protected":false},"author":1,"featured_media":0,"parent":0,"menu_order":0,"comment_status":"closed","ping_status":"closed","template":"","meta":{"_generate-full-width-content":"","footnotes":""},"class_list":["post-76747","page","type-page","status-publish"],"yoast_head":"<!-- This site is optimized with the Yoast SEO plugin v17.9 - https:\/\/yoast.com\/wordpress\/plugins\/seo\/ -->\n<title>Ejemplos de corrientes el\u00e9ctricas en amperios | Electricity - Magnetism<\/title>\n<meta name=\"description\" content=\"La corriente de carga de un peque\u00f1o dispositivo alimentado por USB, como un smartphone, suele rondar 1 amperio (A). La corriente necesaria para arrancar el motor de un coche suele rondar los 50-100 A.\" \/>\n<meta name=\"robots\" content=\"index, follow, max-snippet:-1, max-image-preview:large, max-video-preview:-1\" \/>\n<link rel=\"canonical\" href=\"https:\/\/www.electricity-magnetism.org\/es\/ejemplos-de-corrientes-electricas-en-amperios\/\" \/>\n<meta property=\"og:locale\" content=\"es_ES\" \/>\n<meta property=\"og:type\" content=\"article\" \/>\n<meta property=\"og:title\" content=\"Ejemplos de corrientes el\u00e9ctricas en amperios | Electricity - Magnetism\" \/>\n<meta property=\"og:description\" content=\"La corriente de carga de un peque\u00f1o dispositivo alimentado por USB, como un smartphone, suele rondar 1 amperio (A). La corriente necesaria para arrancar el motor de un coche suele rondar los 50-100 A.\" \/>\n<meta property=\"og:url\" content=\"https:\/\/www.electricity-magnetism.org\/es\/ejemplos-de-corrientes-electricas-en-amperios\/\" \/>\n<meta property=\"og:site_name\" content=\"Electricity - Magnetism\" \/>\n<meta property=\"article:modified_time\" content=\"2023-12-27T09:48:41+00:00\" \/>\n<meta name=\"twitter:card\" content=\"summary_large_image\" \/>\n<meta name=\"twitter:label1\" content=\"Tiempo de lectura\" \/>\n\t<meta name=\"twitter:data1\" content=\"2 minutos\" \/>\n<script type=\"application\/ld+json\" class=\"yoast-schema-graph\">{\"@context\":\"https:\/\/schema.org\",\"@graph\":[{\"@type\":\"WebSite\",\"@id\":\"https:\/\/www.electricity-magnetism.org\/es\/#website\",\"url\":\"https:\/\/www.electricity-magnetism.org\/es\/\",\"name\":\"Electricity - Magnetism\",\"description\":\"All about electricity and magnetism.\",\"potentialAction\":[{\"@type\":\"SearchAction\",\"target\":{\"@type\":\"EntryPoint\",\"urlTemplate\":\"https:\/\/www.electricity-magnetism.org\/es\/?s={search_term_string}\"},\"query-input\":\"required name=search_term_string\"}],\"inLanguage\":\"es\"},{\"@type\":\"WebPage\",\"@id\":\"https:\/\/www.electricity-magnetism.org\/es\/ejemplos-de-corrientes-electricas-en-amperios\/#webpage\",\"url\":\"https:\/\/www.electricity-magnetism.org\/es\/ejemplos-de-corrientes-electricas-en-amperios\/\",\"name\":\"Ejemplos de corrientes el\\u00e9ctricas en amperios | Electricity - Magnetism\",\"isPartOf\":{\"@id\":\"https:\/\/www.electricity-magnetism.org\/es\/#website\"},\"datePublished\":\"2023-03-07T18:10:20+00:00\",\"dateModified\":\"2023-12-27T09:48:41+00:00\",\"description\":\"La corriente de carga de un peque\\u00f1o dispositivo alimentado por USB, como un smartphone, suele rondar 1 amperio (A). La corriente necesaria para arrancar el motor de un coche suele rondar los 50-100 A.\",\"breadcrumb\":{\"@id\":\"https:\/\/www.electricity-magnetism.org\/es\/ejemplos-de-corrientes-electricas-en-amperios\/#breadcrumb\"},\"inLanguage\":\"es\",\"potentialAction\":[{\"@type\":\"ReadAction\",\"target\":[\"https:\/\/www.electricity-magnetism.org\/es\/ejemplos-de-corrientes-electricas-en-amperios\/\"]}]},{\"@type\":\"BreadcrumbList\",\"@id\":\"https:\/\/www.electricity-magnetism.org\/es\/ejemplos-de-corrientes-electricas-en-amperios\/#breadcrumb\",\"itemListElement\":[{\"@type\":\"ListItem\",\"position\":1,\"name\":\"Home\",\"item\":\"https:\/\/www.electricity-magnetism.org\/es\/electricity-magnetism-page\/\"},{\"@type\":\"ListItem\",\"position\":2,\"name\":\"Ejemplos de corrientes el\\u00e9ctricas en amperios\"}]}]}<\/script>\n<!-- \/ Yoast SEO plugin. -->","yoast_head_json":{"title":"Ejemplos de corrientes el\u00e9ctricas en amperios | Electricity - Magnetism","description":"La corriente de carga de un peque\u00f1o dispositivo alimentado por USB, como un smartphone, suele rondar 1 amperio (A). La corriente necesaria para arrancar el motor de un coche suele rondar los 50-100 A.","robots":{"index":"index","follow":"follow","max-snippet":"max-snippet:-1","max-image-preview":"max-image-preview:large","max-video-preview":"max-video-preview:-1"},"canonical":"https:\/\/www.electricity-magnetism.org\/es\/ejemplos-de-corrientes-electricas-en-amperios\/","og_locale":"es_ES","og_type":"article","og_title":"Ejemplos de corrientes el\u00e9ctricas en amperios | Electricity - Magnetism","og_description":"La corriente de carga de un peque\u00f1o dispositivo alimentado por USB, como un smartphone, suele rondar 1 amperio (A). La corriente necesaria para arrancar el motor de un coche suele rondar los 50-100 A.","og_url":"https:\/\/www.electricity-magnetism.org\/es\/ejemplos-de-corrientes-electricas-en-amperios\/","og_site_name":"Electricity - Magnetism","article_modified_time":"2023-12-27T09:48:41+00:00","twitter_card":"summary_large_image","twitter_misc":{"Tiempo de lectura":"2 minutos"},"schema":{"@context":"https:\/\/schema.org","@graph":[{"@type":"WebSite","@id":"https:\/\/www.electricity-magnetism.org\/es\/#website","url":"https:\/\/www.electricity-magnetism.org\/es\/","name":"Electricity - Magnetism","description":"All about electricity and magnetism.","potentialAction":[{"@type":"SearchAction","target":{"@type":"EntryPoint","urlTemplate":"https:\/\/www.electricity-magnetism.org\/es\/?s={search_term_string}"},"query-input":"required name=search_term_string"}],"inLanguage":"es"},{"@type":"WebPage","@id":"https:\/\/www.electricity-magnetism.org\/es\/ejemplos-de-corrientes-electricas-en-amperios\/#webpage","url":"https:\/\/www.electricity-magnetism.org\/es\/ejemplos-de-corrientes-electricas-en-amperios\/","name":"Ejemplos de corrientes el\u00e9ctricas en amperios | Electricity - Magnetism","isPartOf":{"@id":"https:\/\/www.electricity-magnetism.org\/es\/#website"},"datePublished":"2023-03-07T18:10:20+00:00","dateModified":"2023-12-27T09:48:41+00:00","description":"La corriente de carga de un peque\u00f1o dispositivo alimentado por USB, como un smartphone, suele rondar 1 amperio (A). La corriente necesaria para arrancar el motor de un coche suele rondar los 50-100 A.","breadcrumb":{"@id":"https:\/\/www.electricity-magnetism.org\/es\/ejemplos-de-corrientes-electricas-en-amperios\/#breadcrumb"},"inLanguage":"es","potentialAction":[{"@type":"ReadAction","target":["https:\/\/www.electricity-magnetism.org\/es\/ejemplos-de-corrientes-electricas-en-amperios\/"]}]},{"@type":"BreadcrumbList","@id":"https:\/\/www.electricity-magnetism.org\/es\/ejemplos-de-corrientes-electricas-en-amperios\/#breadcrumb","itemListElement":[{"@type":"ListItem","position":1,"name":"Home","item":"https:\/\/www.electricity-magnetism.org\/es\/electricity-magnetism-page\/"},{"@type":"ListItem","position":2,"name":"Ejemplos de corrientes el\u00e9ctricas en amperios"}]}]}},"_links":{"self":[{"href":"https:\/\/www.electricity-magnetism.org\/es\/wp-json\/wp\/v2\/pages\/76747","targetHints":{"allow":["GET"]}}],"collection":[{"href":"https:\/\/www.electricity-magnetism.org\/es\/wp-json\/wp\/v2\/pages"}],"about":[{"href":"https:\/\/www.electricity-magnetism.org\/es\/wp-json\/wp\/v2\/types\/page"}],"author":[{"embeddable":true,"href":"https:\/\/www.electricity-magnetism.org\/es\/wp-json\/wp\/v2\/users\/1"}],"replies":[{"embeddable":true,"href":"https:\/\/www.electricity-magnetism.org\/es\/wp-json\/wp\/v2\/comments?post=76747"}],"version-history":[{"count":0,"href":"https:\/\/www.electricity-magnetism.org\/es\/wp-json\/wp\/v2\/pages\/76747\/revisions"}],"wp:attachment":[{"href":"https:\/\/www.electricity-magnetism.org\/es\/wp-json\/wp\/v2\/media?parent=76747"}],"curies":[{"name":"wp","href":"https:\/\/api.w.org\/{rel}","templated":true}]}}