{"id":2300,"date":"2024-01-11T12:18:21","date_gmt":"2024-01-11T12:18:21","guid":{"rendered":"https:\/\/www.electricity-magnetism.org\/iones-aniones-cationes\/"},"modified":"2022-06-10T13:16:06","modified_gmt":"2022-06-10T13:16:06","slug":"iones-aniones-cationes","status":"publish","type":"page","link":"https:\/\/www.electricity-magnetism.org\/es\/electrostatica\/cargas-electricas-en-atomos\/iones-aniones-cationes\/","title":{"rendered":"Iones &#8211; Aniones &#8211; Cationes"},"content":{"rendered":"<div class=\"gb-container gb-container-fdbd6300\"><div class=\"gb-inside-container\">\n<div class=\"gb-grid-wrapper gb-grid-wrapper-126af6dc\">\n<div class=\"gb-grid-column gb-grid-column-c1544595\"><div class=\"gb-container gb-container-c1544595\"><div class=\"gb-inside-container\">\n\n<h2 class=\"gb-headline gb-headline-b526b385\"><span class=\"gb-icon\"><svg xmlns=\"http:\/\/www.w3.org\/2000\/svg\" viewbox=\"0 0 80 42\" data-name=\"subtract\"><path d=\"M0 20.06h80v1.87H0z\"><\/path><\/svg><\/span><span class=\"gb-headline-text\">resumen de 30 segundos<\/span><\/h2>\n\n\n\n<h2 class=\"gb-headline gb-headline-a14ed650 gb-headline-text\">iones<\/h2>\n\n\n\n<p>Un ion es un \u00e1tomo o mol\u00e9cula que ha perdido uno o m\u00e1s de sus electrones o ha ganado uno o m\u00e1s electrones. Simplemente tiene una carga el\u00e9ctrica neta. <\/p>\n\n\n\n<p>La carga de un electr\u00f3n se considera negativa por convenci\u00f3n y esta carga es igual y opuesta a la carga de un prot\u00f3n, que se considera positiva por convenci\u00f3n.<\/p>\n\n\n\n<ul class=\"wp-block-list\"><li>Cati\u00f3n. Un <strong>cati\u00f3n<\/strong> es un ion cargado positivamente con menos electrones que protones.<\/li><li>Ani\u00f3n. Un <strong>ani\u00f3n<\/strong> es un ion cargado negativamente con m\u00e1s electrones que protones.<\/li><\/ul>\n<\/div><\/div><\/div>\n\n<div class=\"gb-grid-column gb-grid-column-b910f0a6\"><div class=\"gb-container gb-container-b910f0a6\"><div class=\"gb-inside-container\">\n\n<figure class=\"wp-block-image size-full\"><img loading=\"lazy\" decoding=\"async\" width=\"800\" height=\"800\" src=\"https:\/\/www.electricity-magnetism.org\/wp-content\/uploads\/2022\/02\/ions-cations-anions.png\" alt=\"iones - cationes - aniones\" class=\"wp-image-1008\" srcset=\"https:\/\/www.electricity-magnetism.org\/wp-content\/uploads\/2022\/02\/ions-cations-anions.png 800w, https:\/\/www.electricity-magnetism.org\/wp-content\/uploads\/2022\/02\/ions-cations-anions-300x300.png 300w, https:\/\/www.electricity-magnetism.org\/wp-content\/uploads\/2022\/02\/ions-cations-anions-150x150.png 150w, https:\/\/www.electricity-magnetism.org\/wp-content\/uploads\/2022\/02\/ions-cations-anions-768x768.png 768w\" sizes=\"auto, (max-width: 800px) 100vw, 800px\" \/><figcaption>Un ion es un \u00e1tomo o mol\u00e9cula que ha perdido uno o m\u00e1s de sus electrones o ha ganado uno o m\u00e1s electrones. Simplemente tiene una carga el\u00e9ctrica neta.<\/figcaption><\/figure>\n<\/div><\/div><\/div>\n<\/div>\n<\/div><div class=\"gb-shapes\"><div class=\"gb-shape gb-shape-1\"><svg xmlns=\"http:\/\/www.w3.org\/2000\/svg\" viewBox=\"0 0 1200 194.3\" preserveAspectRatio=\"none\"><path d=\"M1200 133.3l-50 8.9c-50 8.6-150 26.9-250 31.1-100 4.2-200-4.2-300-26.7S400 89.2 300 62.2C200 35.8 100 17.5 50 8.9L0 0v194.3h1200v-61z\"\/><\/svg><\/div><\/div><\/div><div class=\"gb-container gb-container-e855c629\"><div class=\"gb-inside-container\">\n\n<h2 class=\"gb-headline gb-headline-b516fbb3 gb-headline-text\">Acerca de los iones<\/h2>\n\n<\/div><\/div><div class=\"gb-container gb-container-698e12e6\"><div class=\"gb-inside-container\">\n\n<p>Un ion es un \u00e1tomo o mol\u00e9cula que ha perdido uno o m\u00e1s de sus electrones o ha ganado uno o m\u00e1s electrones. Simplemente tiene una carga el\u00e9ctrica neta.<\/p>\n\n\n\n<p>La carga de un electr\u00f3n se considera negativa por convenci\u00f3n y esta carga es igual y opuesta a la carga de un prot\u00f3n, que se considera positiva por convenci\u00f3n.<\/p>\n\n\n\n<ul class=\"wp-block-list\"><li>Cati\u00f3n. Un <strong>cati\u00f3n<\/strong> es un ion cargado positivamente con menos electrones que protones.<\/li><li>Ani\u00f3n. Un <strong>ani\u00f3n<\/strong> es un ion cargado negativamente con m\u00e1s electrones que protones.<\/li><\/ul>\n\n\n<p>Los cationes y aniones se miden por su radio i\u00f3nico y difieren en tama\u00f1o relativo. Los cationes son peque\u00f1os, la mayor\u00eda de ellos de menos de 10 <sup>\u221210<\/sup> m (10 <sup>\u22128<\/sup> cm) de radio. En general, los <strong>aniones son m\u00e1s grandes que el \u00e1tomo neutro correspondiente<\/strong> , ya que al agregar electrones aumenta el n\u00famero de interacciones de repulsi\u00f3n electr\u00f3n-electr\u00f3n que tienen lugar. Los cationes son m\u00e1s peque\u00f1os que los \u00e1tomos neutros correspondientes, ya que se pierden los electrones de valencia, que est\u00e1n m\u00e1s alejados del n\u00facleo.<\/p>\n\n\n\n<p>Las part\u00edculas con el mismo signo de carga el\u00e9ctrica se repelen y las part\u00edculas con signos opuestos se atraen. En los materiales, estos iones con carga opuesta se atraen entre s\u00ed para formar un enlace i\u00f3nico. Los electrones en un \u00e1tomo son atra\u00eddos por los protones en el n\u00facleo por la fuerza electromagn\u00e9tica. Esta fuerza une a los electrones dentro de un pozo de potencial electrost\u00e1tico que rodea al n\u00facleo m\u00e1s peque\u00f1o, lo que significa que se necesita una fuente externa de energ\u00eda para que el electr\u00f3n escape. <\/p>\n\n\n\n<figure class=\"wp-block-gallery columns-2 is-cropped wp-block-gallery-1 is-layout-flex wp-block-gallery-is-layout-flex\"><ul class=\"blocks-gallery-grid\"><li class=\"blocks-gallery-item\"><figure><img loading=\"lazy\" decoding=\"async\" width=\"800\" height=\"800\" src=\"https:\/\/www.electricity-magnetism.org\/wp-content\/uploads\/2022\/02\/anion-negatively-charged-ion.png\" alt=\"ani&#xF3;n - ion con carga negativa\" data-id=\"1007\" data-full-url=\"https:\/\/www.electricity-magnetism.org\/wp-content\/uploads\/2022\/02\/anion-negatively-charged-ion.png\" data-link=\"https:\/\/www.electricity-magnetism.org\/anion-negatively-charged-ion\/\" class=\"wp-image-1007\" srcset=\"https:\/\/www.electricity-magnetism.org\/wp-content\/uploads\/2022\/02\/anion-negatively-charged-ion.png 800w, https:\/\/www.electricity-magnetism.org\/wp-content\/uploads\/2022\/02\/anion-negatively-charged-ion-300x300.png 300w, https:\/\/www.electricity-magnetism.org\/wp-content\/uploads\/2022\/02\/anion-negatively-charged-ion-150x150.png 150w, https:\/\/www.electricity-magnetism.org\/wp-content\/uploads\/2022\/02\/anion-negatively-charged-ion-768x768.png 768w\" sizes=\"auto, (max-width: 800px) 100vw, 800px\" \/><figcaption class=\"blocks-gallery-item__caption\">Un ani\u00f3n es un ion cargado negativamente con m\u00e1s electrones que protones. En general, los aniones son m\u00e1s grandes que el \u00e1tomo neutro correspondiente, ya que la adici\u00f3n de electrones aumenta el n\u00famero de interacciones de repulsi\u00f3n electr\u00f3n-electr\u00f3n que tienen lugar.<\/figcaption><\/figure><\/li><li class=\"blocks-gallery-item\"><figure><img loading=\"lazy\" decoding=\"async\" width=\"800\" height=\"800\" src=\"https:\/\/www.electricity-magnetism.org\/wp-content\/uploads\/2022\/02\/cation-positively-charged-ion.png\" alt=\"cati&#xF3;n - ion cargado positivamente\" data-id=\"1006\" data-full-url=\"https:\/\/www.electricity-magnetism.org\/wp-content\/uploads\/2022\/02\/cation-positively-charged-ion.png\" data-link=\"https:\/\/www.electricity-magnetism.org\/cation-positively-charged-ion\/\" class=\"wp-image-1006\" srcset=\"https:\/\/www.electricity-magnetism.org\/wp-content\/uploads\/2022\/02\/cation-positively-charged-ion.png 800w, https:\/\/www.electricity-magnetism.org\/wp-content\/uploads\/2022\/02\/cation-positively-charged-ion-300x300.png 300w, https:\/\/www.electricity-magnetism.org\/wp-content\/uploads\/2022\/02\/cation-positively-charged-ion-150x150.png 150w, https:\/\/www.electricity-magnetism.org\/wp-content\/uploads\/2022\/02\/cation-positively-charged-ion-768x768.png 768w\" sizes=\"auto, (max-width: 800px) 100vw, 800px\" \/><figcaption class=\"blocks-gallery-item__caption\">Un cati\u00f3n es un ion cargado positivamente con menos electrones que protones. Los cationes son peque\u00f1os, la mayor\u00eda de ellos de menos de 10 a 10 m (10 a 8 cm) de radio.<\/figcaption><\/figure><\/li><\/ul><\/figure>\n<\/div><\/div>\n<div style=\"height:100px\" aria-hidden=\"true\" class=\"wp-block-spacer\"><\/div>\n","protected":false},"excerpt":{"rendered":"","protected":false},"author":1,"featured_media":0,"parent":2515,"menu_order":0,"comment_status":"open","ping_status":"open","template":"","meta":{"_generate-full-width-content":"","footnotes":""},"class_list":["post-2300","page","type-page","status-publish"],"yoast_head":"<!-- This site is optimized with the Yoast SEO plugin v17.9 - https:\/\/yoast.com\/wordpress\/plugins\/seo\/ -->\n<title>Iones | Carga el\u00e9ctrica, descripci\u00f3n y tama\u00f1o | electricidad-magnetismo.org<\/title>\n<meta name=\"description\" content=\"Un ion es un \u00e1tomo o mol\u00e9cula que ha perdido uno o m\u00e1s de sus electrones o ha ganado uno o m\u00e1s electrones. Simplemente tiene una carga el\u00e9ctrica neta.\" \/>\n<meta name=\"robots\" content=\"index, follow, max-snippet:-1, max-image-preview:large, max-video-preview:-1\" \/>\n<link rel=\"canonical\" href=\"https:\/\/www.electricity-magnetism.org\/es\/electrostatica\/cargas-electricas-en-atomos\/iones-aniones-cationes\/\" \/>\n<meta property=\"og:locale\" content=\"es_ES\" \/>\n<meta property=\"og:type\" content=\"article\" \/>\n<meta property=\"og:title\" content=\"Iones | Carga el\u00e9ctrica, descripci\u00f3n y tama\u00f1o | electricidad-magnetismo.org\" \/>\n<meta property=\"og:description\" content=\"Un ion es un \u00e1tomo o mol\u00e9cula que ha perdido uno o m\u00e1s de sus electrones o ha ganado uno o m\u00e1s electrones. Simplemente tiene una carga el\u00e9ctrica neta.\" \/>\n<meta property=\"og:url\" content=\"https:\/\/www.electricity-magnetism.org\/es\/electrostatica\/cargas-electricas-en-atomos\/iones-aniones-cationes\/\" \/>\n<meta property=\"og:site_name\" content=\"Electricity - Magnetism\" \/>\n<meta property=\"article:modified_time\" content=\"2022-06-10T13:16:06+00:00\" \/>\n<meta property=\"og:image\" content=\"https:\/\/www.electricity-magnetism.org\/wp-content\/uploads\/2022\/02\/ions-cations-anions.png\" \/>\n<meta name=\"twitter:card\" content=\"summary_large_image\" \/>\n<meta name=\"twitter:label1\" content=\"Tiempo de lectura\" \/>\n\t<meta name=\"twitter:data1\" content=\"3 minutos\" \/>\n<script type=\"application\/ld+json\" class=\"yoast-schema-graph\">{\"@context\":\"https:\/\/schema.org\",\"@graph\":[{\"@type\":\"WebSite\",\"@id\":\"https:\/\/www.electricity-magnetism.org\/es\/#website\",\"url\":\"https:\/\/www.electricity-magnetism.org\/es\/\",\"name\":\"Electricity - Magnetism\",\"description\":\"All about electricity and magnetism.\",\"potentialAction\":[{\"@type\":\"SearchAction\",\"target\":{\"@type\":\"EntryPoint\",\"urlTemplate\":\"https:\/\/www.electricity-magnetism.org\/es\/?s={search_term_string}\"},\"query-input\":\"required name=search_term_string\"}],\"inLanguage\":\"es\"},{\"@type\":\"ImageObject\",\"@id\":\"https:\/\/www.electricity-magnetism.org\/es\/electrostatica\/cargas-electricas-en-atomos\/iones-aniones-cationes\/#primaryimage\",\"inLanguage\":\"es\",\"url\":\"https:\/\/www.electricity-magnetism.org\/wp-content\/uploads\/2022\/02\/ions-cations-anions.png\",\"contentUrl\":\"https:\/\/www.electricity-magnetism.org\/wp-content\/uploads\/2022\/02\/ions-cations-anions.png\",\"width\":800,\"height\":800,\"caption\":\"An ion is an atom or molecule which has either lost one or more of its electrons or gained one or more electrons. It simply has a net electric charge.\"},{\"@type\":\"WebPage\",\"@id\":\"https:\/\/www.electricity-magnetism.org\/es\/electrostatica\/cargas-electricas-en-atomos\/iones-aniones-cationes\/#webpage\",\"url\":\"https:\/\/www.electricity-magnetism.org\/es\/electrostatica\/cargas-electricas-en-atomos\/iones-aniones-cationes\/\",\"name\":\"Iones | Carga el\\u00e9ctrica, descripci\\u00f3n y tama\\u00f1o | electricidad-magnetismo.org\",\"isPartOf\":{\"@id\":\"https:\/\/www.electricity-magnetism.org\/es\/#website\"},\"primaryImageOfPage\":{\"@id\":\"https:\/\/www.electricity-magnetism.org\/es\/electrostatica\/cargas-electricas-en-atomos\/iones-aniones-cationes\/#primaryimage\"},\"datePublished\":\"2024-01-11T12:18:21+00:00\",\"dateModified\":\"2022-06-10T13:16:06+00:00\",\"description\":\"Un ion es un \\u00e1tomo o mol\\u00e9cula que ha perdido uno o m\\u00e1s de sus electrones o ha ganado uno o m\\u00e1s electrones. Simplemente tiene una carga el\\u00e9ctrica neta.\",\"breadcrumb\":{\"@id\":\"https:\/\/www.electricity-magnetism.org\/es\/electrostatica\/cargas-electricas-en-atomos\/iones-aniones-cationes\/#breadcrumb\"},\"inLanguage\":\"es\",\"potentialAction\":[{\"@type\":\"ReadAction\",\"target\":[\"https:\/\/www.electricity-magnetism.org\/es\/electrostatica\/cargas-electricas-en-atomos\/iones-aniones-cationes\/\"]}]},{\"@type\":\"BreadcrumbList\",\"@id\":\"https:\/\/www.electricity-magnetism.org\/es\/electrostatica\/cargas-electricas-en-atomos\/iones-aniones-cationes\/#breadcrumb\",\"itemListElement\":[{\"@type\":\"ListItem\",\"position\":1,\"name\":\"Home\",\"item\":\"https:\/\/www.electricity-magnetism.org\/es\/electricity-magnetism-page\/\"},{\"@type\":\"ListItem\",\"position\":2,\"name\":\"Electrost\\u00e1tica\",\"item\":\"https:\/\/www.electricity-magnetism.org\/es\/electrostatica\/\"},{\"@type\":\"ListItem\",\"position\":3,\"name\":\"Cargas el\\u00e9ctricas en \\u00e1tomos\",\"item\":\"https:\/\/www.electricity-magnetism.org\/es\/electrostatica\/cargas-electricas-en-atomos\/\"},{\"@type\":\"ListItem\",\"position\":4,\"name\":\"Iones &#8211; Aniones &#8211; Cationes\"}]}]}<\/script>\n<!-- \/ Yoast SEO plugin. -->","yoast_head_json":{"title":"Iones | Carga el\u00e9ctrica, descripci\u00f3n y tama\u00f1o | electricidad-magnetismo.org","description":"Un ion es un \u00e1tomo o mol\u00e9cula que ha perdido uno o m\u00e1s de sus electrones o ha ganado uno o m\u00e1s electrones. Simplemente tiene una carga el\u00e9ctrica neta.","robots":{"index":"index","follow":"follow","max-snippet":"max-snippet:-1","max-image-preview":"max-image-preview:large","max-video-preview":"max-video-preview:-1"},"canonical":"https:\/\/www.electricity-magnetism.org\/es\/electrostatica\/cargas-electricas-en-atomos\/iones-aniones-cationes\/","og_locale":"es_ES","og_type":"article","og_title":"Iones | Carga el\u00e9ctrica, descripci\u00f3n y tama\u00f1o | electricidad-magnetismo.org","og_description":"Un ion es un \u00e1tomo o mol\u00e9cula que ha perdido uno o m\u00e1s de sus electrones o ha ganado uno o m\u00e1s electrones. Simplemente tiene una carga el\u00e9ctrica neta.","og_url":"https:\/\/www.electricity-magnetism.org\/es\/electrostatica\/cargas-electricas-en-atomos\/iones-aniones-cationes\/","og_site_name":"Electricity - Magnetism","article_modified_time":"2022-06-10T13:16:06+00:00","og_image":[{"url":"https:\/\/www.electricity-magnetism.org\/wp-content\/uploads\/2022\/02\/ions-cations-anions.png"}],"twitter_card":"summary_large_image","twitter_misc":{"Tiempo de lectura":"3 minutos"},"schema":{"@context":"https:\/\/schema.org","@graph":[{"@type":"WebSite","@id":"https:\/\/www.electricity-magnetism.org\/es\/#website","url":"https:\/\/www.electricity-magnetism.org\/es\/","name":"Electricity - Magnetism","description":"All about electricity and magnetism.","potentialAction":[{"@type":"SearchAction","target":{"@type":"EntryPoint","urlTemplate":"https:\/\/www.electricity-magnetism.org\/es\/?s={search_term_string}"},"query-input":"required name=search_term_string"}],"inLanguage":"es"},{"@type":"ImageObject","@id":"https:\/\/www.electricity-magnetism.org\/es\/electrostatica\/cargas-electricas-en-atomos\/iones-aniones-cationes\/#primaryimage","inLanguage":"es","url":"https:\/\/www.electricity-magnetism.org\/wp-content\/uploads\/2022\/02\/ions-cations-anions.png","contentUrl":"https:\/\/www.electricity-magnetism.org\/wp-content\/uploads\/2022\/02\/ions-cations-anions.png","width":800,"height":800,"caption":"An ion is an atom or molecule which has either lost one or more of its electrons or gained one or more electrons. It simply has a net electric charge."},{"@type":"WebPage","@id":"https:\/\/www.electricity-magnetism.org\/es\/electrostatica\/cargas-electricas-en-atomos\/iones-aniones-cationes\/#webpage","url":"https:\/\/www.electricity-magnetism.org\/es\/electrostatica\/cargas-electricas-en-atomos\/iones-aniones-cationes\/","name":"Iones | Carga el\u00e9ctrica, descripci\u00f3n y tama\u00f1o | electricidad-magnetismo.org","isPartOf":{"@id":"https:\/\/www.electricity-magnetism.org\/es\/#website"},"primaryImageOfPage":{"@id":"https:\/\/www.electricity-magnetism.org\/es\/electrostatica\/cargas-electricas-en-atomos\/iones-aniones-cationes\/#primaryimage"},"datePublished":"2024-01-11T12:18:21+00:00","dateModified":"2022-06-10T13:16:06+00:00","description":"Un ion es un \u00e1tomo o mol\u00e9cula que ha perdido uno o m\u00e1s de sus electrones o ha ganado uno o m\u00e1s electrones. Simplemente tiene una carga el\u00e9ctrica neta.","breadcrumb":{"@id":"https:\/\/www.electricity-magnetism.org\/es\/electrostatica\/cargas-electricas-en-atomos\/iones-aniones-cationes\/#breadcrumb"},"inLanguage":"es","potentialAction":[{"@type":"ReadAction","target":["https:\/\/www.electricity-magnetism.org\/es\/electrostatica\/cargas-electricas-en-atomos\/iones-aniones-cationes\/"]}]},{"@type":"BreadcrumbList","@id":"https:\/\/www.electricity-magnetism.org\/es\/electrostatica\/cargas-electricas-en-atomos\/iones-aniones-cationes\/#breadcrumb","itemListElement":[{"@type":"ListItem","position":1,"name":"Home","item":"https:\/\/www.electricity-magnetism.org\/es\/electricity-magnetism-page\/"},{"@type":"ListItem","position":2,"name":"Electrost\u00e1tica","item":"https:\/\/www.electricity-magnetism.org\/es\/electrostatica\/"},{"@type":"ListItem","position":3,"name":"Cargas el\u00e9ctricas en \u00e1tomos","item":"https:\/\/www.electricity-magnetism.org\/es\/electrostatica\/cargas-electricas-en-atomos\/"},{"@type":"ListItem","position":4,"name":"Iones &#8211; Aniones &#8211; Cationes"}]}]}},"_links":{"self":[{"href":"https:\/\/www.electricity-magnetism.org\/es\/wp-json\/wp\/v2\/pages\/2300","targetHints":{"allow":["GET"]}}],"collection":[{"href":"https:\/\/www.electricity-magnetism.org\/es\/wp-json\/wp\/v2\/pages"}],"about":[{"href":"https:\/\/www.electricity-magnetism.org\/es\/wp-json\/wp\/v2\/types\/page"}],"author":[{"embeddable":true,"href":"https:\/\/www.electricity-magnetism.org\/es\/wp-json\/wp\/v2\/users\/1"}],"replies":[{"embeddable":true,"href":"https:\/\/www.electricity-magnetism.org\/es\/wp-json\/wp\/v2\/comments?post=2300"}],"version-history":[{"count":0,"href":"https:\/\/www.electricity-magnetism.org\/es\/wp-json\/wp\/v2\/pages\/2300\/revisions"}],"up":[{"embeddable":true,"href":"https:\/\/www.electricity-magnetism.org\/es\/wp-json\/wp\/v2\/pages\/2515"}],"wp:attachment":[{"href":"https:\/\/www.electricity-magnetism.org\/es\/wp-json\/wp\/v2\/media?parent=2300"}],"curies":[{"name":"wp","href":"https:\/\/api.w.org\/{rel}","templated":true}]}}