{"id":2211,"date":"2022-01-19T07:14:13","date_gmt":"2022-01-19T07:14:13","guid":{"rendered":"https:\/\/www.electricity-magnetism.org\/electricidad-magnetismo\/"},"modified":"2023-12-20T11:32:17","modified_gmt":"2023-12-20T11:32:17","slug":"electricidad-magnetismo","status":"publish","type":"page","link":"https:\/\/www.electricity-magnetism.org\/es\/electricidad-magnetismo\/","title":{"rendered":"Electricidad &#8211; Magnetismo"},"content":{"rendered":"<div class=\"gb-container gb-container-fdbd6300\"><div class=\"gb-inside-container\">\n<div class=\"gb-grid-wrapper gb-grid-wrapper-126af6dc\">\n<div class=\"gb-grid-column gb-grid-column-c1544595\"><div class=\"gb-container gb-container-c1544595\"><div class=\"gb-inside-container\">\n\n<h2 class=\"gb-headline gb-headline-b526b385\"><span class=\"gb-icon\"><svg xmlns=\"http:\/\/www.w3.org\/2000\/svg\" viewbox=\"0 0 80 42\" data-name=\"subtract\"><path d=\"M0 20.06h80v1.87H0z\"><\/path><\/svg><\/span><span class=\"gb-headline-text\">Acerca de este sitio web<\/span><\/h2>\n\n\n\n<h2 class=\"gb-headline gb-headline-a14ed650 gb-headline-text\">Electricidad y <mark class=\"gb-highlight\">Magnetismo<\/mark> de forma sencilla y sencilla<\/h2>\n\n\n\n<p>Este sitio web fue fundado como un proyecto sin fines de lucro, construido en su totalidad por un grupo de j\u00f3venes ingenieros. Todo el sitio web se basa en nuestras perspectivas personales y no representa el punto de vista de ninguna empresa en la industria de la energ\u00eda.<\/p>\n\n\n\n<p>El prop\u00f3sito principal de este proyecto es ayudar al p\u00fablico a aprender informaci\u00f3n interesante e importante sobre la electricidad y el magnetismo.<\/p>\n\n\n\n<p>Disfruta de nuestro:<\/p>\n\n\n\n<p class=\"gb-headline gb-headline-e3d9f3f4\"><span class=\"gb-icon\"><svg xmlns=\"http:\/\/www.w3.org\/2000\/svg\" aria-hidden=\"true\" role=\"img\" height=\"1em\" width=\"1em\" viewbox=\"0 0 256 512\"><path fill=\"currentColor\" d=\"M224.3 273l-136 136c-9.4 9.4-24.6 9.4-33.9 0l-22.6-22.6c-9.4-9.4-9.4-24.6 0-33.9l96.4-96.4-96.4-96.4c-9.4-9.4-9.4-24.6 0-33.9L54.3 103c9.4-9.4 24.6-9.4 33.9 0l136 136c9.5 9.4 9.5 24.6.1 34z\"><\/path><\/svg><\/span><span class=\"gb-headline-text\"><strong>Im\u00e1genes interactivas<\/strong><\/span><\/p>\n\n\n\n<p class=\"gb-headline gb-headline-505b7a61\"><span class=\"gb-icon\"><svg xmlns=\"http:\/\/www.w3.org\/2000\/svg\" aria-hidden=\"true\" role=\"img\" height=\"1em\" width=\"1em\" viewbox=\"0 0 256 512\"><path fill=\"currentColor\" d=\"M224.3 273l-136 136c-9.4 9.4-24.6 9.4-33.9 0l-22.6-22.6c-9.4-9.4-9.4-24.6 0-33.9l96.4-96.4-96.4-96.4c-9.4-9.4-9.4-24.6 0-33.9L54.3 103c9.4-9.4 24.6-9.4 33.9 0l136 136c9.5 9.4 9.5 24.6.1 34z\"><\/path><\/svg><\/span><span class=\"gb-headline-text\"><strong>Diagramas 3D<\/strong> de circuitos el\u00e9ctricos.<\/span><\/p>\n\n\n\n<p class=\"gb-headline gb-headline-83dd79e7\"><span class=\"gb-icon\"><svg xmlns=\"http:\/\/www.w3.org\/2000\/svg\" aria-hidden=\"true\" role=\"img\" height=\"1em\" width=\"1em\" viewbox=\"0 0 256 512\"><path fill=\"currentColor\" d=\"M224.3 273l-136 136c-9.4 9.4-24.6 9.4-33.9 0l-22.6-22.6c-9.4-9.4-9.4-24.6 0-33.9l96.4-96.4-96.4-96.4c-9.4-9.4-9.4-24.6 0-33.9L54.3 103c9.4-9.4 24.6-9.4 33.9 0l136 136c9.5 9.4 9.5 24.6.1 34z\"><\/path><\/svg><\/span><span class=\"gb-headline-text\"><strong>calculadoras<\/strong> simples<\/span><\/p>\n\n<\/div><\/div><\/div>\n\n<div class=\"gb-grid-column gb-grid-column-b910f0a6\"><div class=\"gb-container gb-container-b910f0a6\"><div class=\"gb-inside-container\">\n\n<div class=\"wp-block-image-map-pro-image-map-pro\"><div id=\"image-map-pro-3170\"><\/div><\/div>\n\n<\/div><\/div><\/div>\n<\/div>\n<\/div><div class=\"gb-shapes\"><div class=\"gb-shape gb-shape-1\"><svg xmlns=\"http:\/\/www.w3.org\/2000\/svg\" viewBox=\"0 0 1200 194.3\" preserveAspectRatio=\"none\"><path d=\"M1200 133.3l-50 8.9c-50 8.6-150 26.9-250 31.1-100 4.2-200-4.2-300-26.7S400 89.2 300 62.2C200 35.8 100 17.5 50 8.9L0 0v194.3h1200v-61z\"\/><\/svg><\/div><\/div><\/div><div class=\"gb-container gb-container-e855c629\"><div class=\"gb-inside-container\">\n\n<div class=\"wp-block-image\"><figure class=\"aligncenter size-large\"><img loading=\"lazy\" decoding=\"async\" width=\"1024\" height=\"645\" src=\"https:\/\/www.electricity-magnetism.org\/wp-content\/uploads\/2022\/06\/hydraulic-analogy-electric-fluid-analogy-1024x645.png\" alt=\"analog&#xED;a hidr&#xE1;ulica - analog&#xED;a del fluido el&#xE9;ctrico\" class=\"wp-image-2536\" srcset=\"https:\/\/www.electricity-magnetism.org\/wp-content\/uploads\/2022\/06\/hydraulic-analogy-electric-fluid-analogy-1024x645.png 1024w, https:\/\/www.electricity-magnetism.org\/wp-content\/uploads\/2022\/06\/hydraulic-analogy-electric-fluid-analogy-300x189.png 300w, https:\/\/www.electricity-magnetism.org\/wp-content\/uploads\/2022\/06\/hydraulic-analogy-electric-fluid-analogy-768x484.png 768w, https:\/\/www.electricity-magnetism.org\/wp-content\/uploads\/2022\/06\/hydraulic-analogy-electric-fluid-analogy.png 1334w\" sizes=\"auto, (max-width: 1024px) 100vw, 1024px\" \/><figcaption>Para cualquier circuito, fluido o el\u00e9ctrico, que tenga m\u00faltiples ramificaciones y elementos paralelos, el caudal a trav\u00e9s de cualquier secci\u00f3n transversal debe ser el mismo. A veces se denomina principio de continuidad. En hidr\u00e1ulica, el caudal <strong>se estabilizar\u00e1<\/strong> en el punto en que <strong>las p\u00e9rdidas por fricci\u00f3n del bucle se crucen con las caracter\u00edsticas de la bomba<\/strong>. An\u00e1logamente para un circuito el\u00e9ctrico, para el que la corriente se estabilizar\u00e1 donde R x I ser\u00e1 igual a la tensi\u00f3n de la fuente.<\/figcaption><\/figure><\/div>\n\n\n\n<h2 class=\"has-text-align-center wp-block-heading\"><strong>Analog\u00eda hidr\u00e1ulica<\/strong><\/h2>\n\n\n\n<p>La analog\u00eda hidr\u00e1ulica, o analog\u00eda fluido-el\u00e9ctrica, es una analog\u00eda muy utilizada entre la hidr\u00e1ulica y la electricidad, que constituye una herramienta \u00fatil para la ense\u00f1anza y para quienes tienen dificultades para entender c\u00f3mo funcionan los circuitos. tambi\u00e9n puede aplicarse a problemas de transferencia de calor.  <\/p>\n\n\n\n<p>Como la corriente el\u00e9ctrica es invisible y los procesos en juego en la electr\u00f3nica suelen ser dif\u00edciles de demostrar, los distintos componentes electr\u00f3nicos se representan mediante equivalentes hidr\u00e1ulicos. La relaci\u00f3n entre tensi\u00f3n y corriente se define (en dispositivos \u00f3hmicos como las resistencias) por la ley de Ohm. La Ley de Ohm es an\u00e1loga a la ecuaci\u00f3n de Hagen-Poiseuille, ya que ambas son modelos lineales que relacionan el flujo y el potencial en sus respectivos sistemas.<\/p>\n\n\n\n<p>En un principio, la electricidad (al igual que el calor) se consideraba un tipo de fluido, y los nombres de ciertas magnitudes el\u00e9ctricas (como la corriente) derivan de equivalentes hidr\u00e1ulicos.<\/p>\n\n\n\n<ul class=\"wp-block-list\"><li><strong>La tensi\u00f3n<\/strong> es como la diferencia de presi\u00f3n que empuja el agua a trav\u00e9s de la manguera. Se mide en voltios (V). Este modelo supone que el agua fluye horizontalmente, de modo que puede ignorarse la fuerza de la gravedad.<\/li><li>La <strong>corriente<\/strong> equivale a un caudal volum\u00e9trico hidr\u00e1ulico; es decir, la cantidad volum\u00e9trica de agua que fluye a lo largo del tiempo. Suele medirse en amperios. Cuanto m\u00e1s ancha sea la tuber\u00eda, m\u00e1s agua fluir\u00e1 a trav\u00e9s de ella. Se mide en amperios (I o A).<\/li><li>La <strong>carga el\u00e9ctrica<\/strong> equivale a una cantidad de agua.<\/li><li>La <strong>resistencia<\/strong> es como el di\u00e1metro de la tuber\u00eda o los obst\u00e1culos en la manguera que ralentizan el flujo de agua. Se mide en ohmios (\u03a9). En hidr\u00e1ulica, la resistencia se asocia al coeficiente de p\u00e9rdida de carga.<\/li><\/ul>\n\n\n\n<ul class=\"wp-block-list\"><li>Las <strong>bater\u00edas<\/strong> pueden considerarse como bombas de agua que hacen circular agua a trav\u00e9s de una manguera que viaja en un circuito cerrado de vuelta a la bater\u00eda. La bomba corresponde a la fuente ideal de tensi\u00f3n o corriente en un circuito de corriente continua. En cada una de las descripciones siguientes se presupone la presencia de una bomba hidr\u00e1ulica.<\/li><li><strong>Las<\/strong> resistencias son comparables a una secci\u00f3n de la red de tuber\u00edas en la que el radio de la tuber\u00eda est\u00e1 constre\u00f1ido, lo que restringe la velocidad de flujo del fluido en esa regi\u00f3n, del mismo modo que una resistencia limita la corriente.<\/li><li><strong>Los cables<\/strong> y su relaci\u00f3n con las bombas son bastante sencillos, ya que el cable de cobre es directamente an\u00e1logo a una tuber\u00eda llena de agua. La resistencia del propio cable es an\u00e1loga a la resistencia del agua que fluye por una tuber\u00eda.<\/li><li><strong>Los condensadores<\/strong> equivalen a un dep\u00f3sito con una conexi\u00f3n en cada extremo y una membrana que divide el dep\u00f3sito en dos longitudinalmente (un acumulador hidr\u00e1ulico). Cuando la bomba del sistema empiece a impulsar agua, la membrana se estirar\u00e1 en respuesta a la presi\u00f3n de dicha agua. La importancia del estiramiento es comparable a la cantidad de carga depositada en un condensador. A partir de esta descripci\u00f3n, deber\u00eda ser bastante f\u00e1cil ver que el estiramiento de esta membrana representa la ca\u00edda de tensi\u00f3n en un circuito el\u00e9ctrico, y la descarga de un condensador es igualmente comparable al retorno de la membrana a su extensi\u00f3n original.<\/li><li><strong>Los inductores<\/strong> equivalen a una pesada rueda de paletas colocada en el flujo de fluido. La masa de la rueda y el tama\u00f1o de las palas limitan la capacidad del agua para cambiar r\u00e1pidamente su velocidad de flujo (corriente) a trav\u00e9s de la rueda debido a los efectos de la inercia, pero, con el tiempo, una corriente de flujo constante pasar\u00e1 casi sin obst\u00e1culos a trav\u00e9s de la rueda, ya que \u00e9sta gira a la misma velocidad que el flujo de agua.<\/li><li><strong>Los diodos<\/strong> en la analog\u00eda hidr\u00e1ulica se comparan bastante bien con una v\u00e1lvula de control direccional.<\/li><li><strong>Los transistores<\/strong> son como v\u00e1lvulas de control. Podemos utilizarlos para controlar el caudal (ON\/OFF), o podemos utilizarlos para controlar el caudal (la corriente).<\/li><\/ul>\n\n<\/div><\/div>","protected":false},"excerpt":{"rendered":"","protected":false},"author":1,"featured_media":0,"parent":0,"menu_order":0,"comment_status":"closed","ping_status":"closed","template":"","meta":{"_generate-full-width-content":"","footnotes":""},"class_list":["post-2211","page","type-page","status-publish"],"yoast_head":"<!-- This site is optimized with the Yoast SEO plugin v17.9 - https:\/\/yoast.com\/wordpress\/plugins\/seo\/ -->\n<title>Electricidad - Magnetismo<\/title>\n<meta name=\"description\" content=\"El prop\u00f3sito principal de este proyecto es ayudar al p\u00fablico a aprender informaci\u00f3n interesante e importante sobre la electricidad y el magnetismo.\" \/>\n<meta name=\"robots\" content=\"index, follow, max-snippet:-1, max-image-preview:large, max-video-preview:-1\" \/>\n<link rel=\"canonical\" href=\"https:\/\/www.electricity-magnetism.org\/es\/electricidad-magnetismo\/\" \/>\n<meta property=\"og:locale\" content=\"es_ES\" \/>\n<meta property=\"og:type\" content=\"article\" \/>\n<meta property=\"og:title\" content=\"Electricidad - Magnetismo\" \/>\n<meta property=\"og:description\" content=\"El prop\u00f3sito principal de este proyecto es ayudar al p\u00fablico a aprender informaci\u00f3n interesante e importante sobre la electricidad y el magnetismo.\" \/>\n<meta property=\"og:url\" content=\"https:\/\/www.electricity-magnetism.org\/es\/electricidad-magnetismo\/\" \/>\n<meta property=\"og:site_name\" content=\"Electricity - Magnetism\" \/>\n<meta property=\"article:modified_time\" content=\"2023-12-20T11:32:17+00:00\" \/>\n<meta property=\"og:image\" content=\"https:\/\/www.electricity-magnetism.org\/wp-content\/uploads\/2022\/06\/hydraulic-analogy-electric-fluid-analogy-1024x645.png\" \/>\n<meta name=\"twitter:card\" content=\"summary_large_image\" \/>\n<meta name=\"twitter:label1\" content=\"Tiempo de lectura\" \/>\n\t<meta name=\"twitter:data1\" content=\"5 minutos\" \/>\n<script type=\"application\/ld+json\" class=\"yoast-schema-graph\">{\"@context\":\"https:\/\/schema.org\",\"@graph\":[{\"@type\":\"WebSite\",\"@id\":\"https:\/\/www.electricity-magnetism.org\/es\/#website\",\"url\":\"https:\/\/www.electricity-magnetism.org\/es\/\",\"name\":\"Electricity - Magnetism\",\"description\":\"All about electricity and magnetism.\",\"potentialAction\":[{\"@type\":\"SearchAction\",\"target\":{\"@type\":\"EntryPoint\",\"urlTemplate\":\"https:\/\/www.electricity-magnetism.org\/es\/?s={search_term_string}\"},\"query-input\":\"required name=search_term_string\"}],\"inLanguage\":\"es\"},{\"@type\":\"ImageObject\",\"@id\":\"https:\/\/www.electricity-magnetism.org\/es\/electricidad-magnetismo\/#primaryimage\",\"inLanguage\":\"es\",\"url\":\"https:\/\/www.electricity-magnetism.org\/wp-content\/uploads\/2022\/06\/hydraulic-analogy-electric-fluid-analogy.png\",\"contentUrl\":\"https:\/\/www.electricity-magnetism.org\/wp-content\/uploads\/2022\/06\/hydraulic-analogy-electric-fluid-analogy.png\",\"width\":1334,\"height\":840,\"caption\":\"hydraulic analogy - electric fluid analogy\"},{\"@type\":\"WebPage\",\"@id\":\"https:\/\/www.electricity-magnetism.org\/es\/electricidad-magnetismo\/#webpage\",\"url\":\"https:\/\/www.electricity-magnetism.org\/es\/electricidad-magnetismo\/\",\"name\":\"Electricidad - Magnetismo\",\"isPartOf\":{\"@id\":\"https:\/\/www.electricity-magnetism.org\/es\/#website\"},\"primaryImageOfPage\":{\"@id\":\"https:\/\/www.electricity-magnetism.org\/es\/electricidad-magnetismo\/#primaryimage\"},\"datePublished\":\"2022-01-19T07:14:13+00:00\",\"dateModified\":\"2023-12-20T11:32:17+00:00\",\"description\":\"El prop\\u00f3sito principal de este proyecto es ayudar al p\\u00fablico a aprender informaci\\u00f3n interesante e importante sobre la electricidad y el magnetismo.\",\"breadcrumb\":{\"@id\":\"https:\/\/www.electricity-magnetism.org\/es\/electricidad-magnetismo\/#breadcrumb\"},\"inLanguage\":\"es\",\"potentialAction\":[{\"@type\":\"ReadAction\",\"target\":[\"https:\/\/www.electricity-magnetism.org\/es\/electricidad-magnetismo\/\"]}]},{\"@type\":\"BreadcrumbList\",\"@id\":\"https:\/\/www.electricity-magnetism.org\/es\/electricidad-magnetismo\/#breadcrumb\",\"itemListElement\":[{\"@type\":\"ListItem\",\"position\":1,\"name\":\"Home\",\"item\":\"https:\/\/www.electricity-magnetism.org\/es\/electricity-magnetism-page\/\"},{\"@type\":\"ListItem\",\"position\":2,\"name\":\"Electricidad &#8211; Magnetismo\"}]}]}<\/script>\n<!-- \/ Yoast SEO plugin. -->","yoast_head_json":{"title":"Electricidad - Magnetismo","description":"El prop\u00f3sito principal de este proyecto es ayudar al p\u00fablico a aprender informaci\u00f3n interesante e importante sobre la electricidad y el magnetismo.","robots":{"index":"index","follow":"follow","max-snippet":"max-snippet:-1","max-image-preview":"max-image-preview:large","max-video-preview":"max-video-preview:-1"},"canonical":"https:\/\/www.electricity-magnetism.org\/es\/electricidad-magnetismo\/","og_locale":"es_ES","og_type":"article","og_title":"Electricidad - Magnetismo","og_description":"El prop\u00f3sito principal de este proyecto es ayudar al p\u00fablico a aprender informaci\u00f3n interesante e importante sobre la electricidad y el magnetismo.","og_url":"https:\/\/www.electricity-magnetism.org\/es\/electricidad-magnetismo\/","og_site_name":"Electricity - Magnetism","article_modified_time":"2023-12-20T11:32:17+00:00","og_image":[{"url":"https:\/\/www.electricity-magnetism.org\/wp-content\/uploads\/2022\/06\/hydraulic-analogy-electric-fluid-analogy-1024x645.png"}],"twitter_card":"summary_large_image","twitter_misc":{"Tiempo de lectura":"5 minutos"},"schema":{"@context":"https:\/\/schema.org","@graph":[{"@type":"WebSite","@id":"https:\/\/www.electricity-magnetism.org\/es\/#website","url":"https:\/\/www.electricity-magnetism.org\/es\/","name":"Electricity - Magnetism","description":"All about electricity and magnetism.","potentialAction":[{"@type":"SearchAction","target":{"@type":"EntryPoint","urlTemplate":"https:\/\/www.electricity-magnetism.org\/es\/?s={search_term_string}"},"query-input":"required name=search_term_string"}],"inLanguage":"es"},{"@type":"ImageObject","@id":"https:\/\/www.electricity-magnetism.org\/es\/electricidad-magnetismo\/#primaryimage","inLanguage":"es","url":"https:\/\/www.electricity-magnetism.org\/wp-content\/uploads\/2022\/06\/hydraulic-analogy-electric-fluid-analogy.png","contentUrl":"https:\/\/www.electricity-magnetism.org\/wp-content\/uploads\/2022\/06\/hydraulic-analogy-electric-fluid-analogy.png","width":1334,"height":840,"caption":"hydraulic analogy - electric fluid analogy"},{"@type":"WebPage","@id":"https:\/\/www.electricity-magnetism.org\/es\/electricidad-magnetismo\/#webpage","url":"https:\/\/www.electricity-magnetism.org\/es\/electricidad-magnetismo\/","name":"Electricidad - Magnetismo","isPartOf":{"@id":"https:\/\/www.electricity-magnetism.org\/es\/#website"},"primaryImageOfPage":{"@id":"https:\/\/www.electricity-magnetism.org\/es\/electricidad-magnetismo\/#primaryimage"},"datePublished":"2022-01-19T07:14:13+00:00","dateModified":"2023-12-20T11:32:17+00:00","description":"El prop\u00f3sito principal de este proyecto es ayudar al p\u00fablico a aprender informaci\u00f3n interesante e importante sobre la electricidad y el magnetismo.","breadcrumb":{"@id":"https:\/\/www.electricity-magnetism.org\/es\/electricidad-magnetismo\/#breadcrumb"},"inLanguage":"es","potentialAction":[{"@type":"ReadAction","target":["https:\/\/www.electricity-magnetism.org\/es\/electricidad-magnetismo\/"]}]},{"@type":"BreadcrumbList","@id":"https:\/\/www.electricity-magnetism.org\/es\/electricidad-magnetismo\/#breadcrumb","itemListElement":[{"@type":"ListItem","position":1,"name":"Home","item":"https:\/\/www.electricity-magnetism.org\/es\/electricity-magnetism-page\/"},{"@type":"ListItem","position":2,"name":"Electricidad &#8211; Magnetismo"}]}]}},"_links":{"self":[{"href":"https:\/\/www.electricity-magnetism.org\/es\/wp-json\/wp\/v2\/pages\/2211","targetHints":{"allow":["GET"]}}],"collection":[{"href":"https:\/\/www.electricity-magnetism.org\/es\/wp-json\/wp\/v2\/pages"}],"about":[{"href":"https:\/\/www.electricity-magnetism.org\/es\/wp-json\/wp\/v2\/types\/page"}],"author":[{"embeddable":true,"href":"https:\/\/www.electricity-magnetism.org\/es\/wp-json\/wp\/v2\/users\/1"}],"replies":[{"embeddable":true,"href":"https:\/\/www.electricity-magnetism.org\/es\/wp-json\/wp\/v2\/comments?post=2211"}],"version-history":[{"count":0,"href":"https:\/\/www.electricity-magnetism.org\/es\/wp-json\/wp\/v2\/pages\/2211\/revisions"}],"wp:attachment":[{"href":"https:\/\/www.electricity-magnetism.org\/es\/wp-json\/wp\/v2\/media?parent=2211"}],"curies":[{"name":"wp","href":"https:\/\/api.w.org\/{rel}","templated":true}]}}