{"id":76745,"date":"2022-06-14T06:12:54","date_gmt":"2022-06-14T06:12:54","guid":{"rendered":"https:\/\/www.electricity-magnetism.org\/spannung-und-hydraulische-analogie\/"},"modified":"2023-12-27T09:48:41","modified_gmt":"2023-12-27T09:48:41","slug":"spannung-und-hydraulische-analogie","status":"publish","type":"page","link":"https:\/\/www.electricity-magnetism.org\/de\/spannung-und-hydraulische-analogie\/","title":{"rendered":"Spannung und hydraulische Analogie"},"content":{"rendered":"<div class=\"gb-container gb-container-698e12e6\"><div class=\"gb-inside-container\">\n\n<div class=\"wp-block-image\"><figure class=\"aligncenter size-large\"><img loading=\"lazy\" decoding=\"async\" width=\"1024\" height=\"645\" src=\"https:\/\/www.electricity-magnetism.org\/wp-content\/uploads\/2022\/06\/hydraulic-analogy-electric-fluid-analogy-1024x645.png\" alt=\"Analogie der Hydraulik - Analogie der elektrischen Fl&#xFC;ssigkeit\" class=\"wp-image-2529\" srcset=\"https:\/\/www.electricity-magnetism.org\/wp-content\/uploads\/2022\/06\/hydraulic-analogy-electric-fluid-analogy-1024x645.png 1024w, https:\/\/www.electricity-magnetism.org\/wp-content\/uploads\/2022\/06\/hydraulic-analogy-electric-fluid-analogy-300x189.png 300w, https:\/\/www.electricity-magnetism.org\/wp-content\/uploads\/2022\/06\/hydraulic-analogy-electric-fluid-analogy-768x484.png 768w, https:\/\/www.electricity-magnetism.org\/wp-content\/uploads\/2022\/06\/hydraulic-analogy-electric-fluid-analogy.png 1334w\" sizes=\"auto, (max-width: 1024px) 100vw, 1024px\" \/><figcaption>F\u00fcr jeden Kreislauf, ob fl\u00fcssig oder elektrisch, der mehrere Verzweigungen und parallele Elemente hat, muss die Durchflussmenge durch jeden Querschnitt gleich sein. Dies wird manchmal als Prinzip der Kontinuit\u00e4t bezeichnet. In der Hydraulik <strong>stabilisiert<\/strong> sich der Durchfluss an dem Punkt, an dem <strong>sich die Reibungsverluste des Kreislaufs mit den Pumpenkennlinien schneiden<\/strong>. \u00c4hnlich verh\u00e4lt es sich bei einem Stromkreis, bei dem sich der Strom selbst stabilisiert, wenn R x I gleich der Quellenspannung ist.<\/figcaption><\/figure><\/div>\n\n\n\n<h2 class=\"has-text-align-center wp-block-heading\"><strong>Hydraulische Analogie<\/strong><\/h2>\n\n\n\n<p>Die hydraulische Analogie oder die Analogie zwischen Strom und Fl\u00fcssigkeit ist eine weit verbreitete Analogie zwischen Hydraulik und Elektrizit\u00e4t, die ein n\u00fctzliches Hilfsmittel f\u00fcr den Unterricht und f\u00fcr diejenigen ist, die Schwierigkeiten haben zu verstehen, wie Stromkreise funktionieren. es kann auch auf W\u00e4rme\u00fcbertragungsprobleme angewendet werden.  <\/p>\n\n\n\n<p>Da elektrischer Strom unsichtbar ist und die Vorg\u00e4nge in der Elektronik oft schwer zu veranschaulichen sind, werden die verschiedenen elektronischen Bauteile durch hydraulische \u00c4quivalente dargestellt. Die Beziehung zwischen Spannung und Strom wird (bei ohmschen Ger\u00e4ten wie Widerst\u00e4nden) durch das Ohmsche Gesetz definiert. Das Ohmsche Gesetz ist analog zur Hagen-Poiseuille-Gleichung, da es sich bei beiden um lineare Modelle handelt, die Fluss und Potenzial in ihren jeweiligen Systemen in Beziehung setzen.<\/p>\n\n\n\n<p>Urspr\u00fcnglich wurde Elektrizit\u00e4t (wie auch W\u00e4rme) als eine Art Fl\u00fcssigkeit verstanden, und die Namen bestimmter elektrischer Gr\u00f6\u00dfen (wie Strom) sind von hydraulischen \u00c4quivalenten abgeleitet.<\/p>\n\n\n\n<ul class=\"wp-block-list\"><li>Die <strong>Spannung<\/strong> ist wie der Druckunterschied, der das Wasser durch den Schlauch dr\u00fcckt. Sie wird in Volt (V) gemessen. Bei diesem Modell wird davon ausgegangen, dass das Wasser waagerecht flie\u00dft, so dass die Schwerkraft vernachl\u00e4ssigt werden kann.<\/li><li>Die <strong>Str\u00f6mung<\/strong> ist gleichbedeutend mit einem hydraulischen Volumenstrom, d. h. der volumetrischen Menge des flie\u00dfenden Wassers \u00fcber die Zeit. Wird normalerweise in Ampere gemessen. Je breiter das Rohr ist, desto mehr Wasser kann hindurchflie\u00dfen. Sie wird in Ampere (I oder A) gemessen.<\/li><li>Die <strong>elektrische Ladung<\/strong> entspricht einer Wassermenge.<\/li><li><strong>Widerst\u00e4nde<\/strong> sind z. B. Rohrdurchmesser oder Hindernisse im Schlauch, die den Wasserfluss verlangsamen. Er wird in Ohm (\u03a9) gemessen. In der Hydraulik wird der Widerstand mit dem Druckverlustkoeffizienten in Verbindung gebracht.<\/li><\/ul>\n\n\n\n<ul class=\"wp-block-list\"><li><strong>Batterien<\/strong> kann man sich wie Wasserpumpen vorstellen, die Wasser durch einen Schlauch zirkulieren lassen, der in einem geschlossenen Kreislauf zur\u00fcck zur Batterie f\u00fchrt. Die Pumpe entspricht der idealen Spannungs- oder Stromquelle in einem Gleichstromkreis. In jeder der folgenden Beschreibungen wird vom Vorhandensein einer Hydraulikpumpe ausgegangen.<\/li><\/ul>\n\n\n\n<p class=\"has-text-align-center\">Siehe auch: <a href=\"https:\/\/www.electricity-magnetism.org\/hydraulic-analogy-electric-fluid-analogy\/\">Hydraulische Analogie<\/a><\/p>\n\n<\/div><\/div>\n<hr class=\"wp-block-separator has-text-color has-background has-contrast-2-background-color has-contrast-2-color is-style-default\"\/>\n<div class=\"gb-container gb-container-7a94ff5f\"><div class=\"gb-inside-container\">\n\n<a href=\"https:\/\/www.electricity-magnetism.org\/electrostatics\/capacitance\/\" class=\"superbutton\">\n<span><\/span>\n<span><\/span>\n<span><\/span>\n<span><\/span>\n N\u00e4chste \nArtikel\n<\/a>\n\n<\/div><\/div>","protected":false},"excerpt":{"rendered":"<p>N\u00e4chste Artikel<\/p>\n","protected":false},"author":1,"featured_media":0,"parent":0,"menu_order":0,"comment_status":"closed","ping_status":"closed","template":"","meta":{"_generate-full-width-content":"","footnotes":""},"class_list":["post-76745","page","type-page","status-publish"],"yoast_head":"<!-- This site is optimized with the Yoast SEO plugin v17.9 - https:\/\/yoast.com\/wordpress\/plugins\/seo\/ -->\n<title>|<\/title>\n<meta name=\"description\" content=\"Die Spannung ist wie der Druckunterschied, der das Wasser durch den Schlauch dr\u00fcckt. Sie wird in Volt (V) gemessen. Bei diesem Modell wird davon ausgegangen, dass das Wasser waagerecht flie\u00dft, so dass die Schwerkraft vernachl\u00e4ssigt werden kann.\" \/>\n<meta name=\"robots\" content=\"index, follow, max-snippet:-1, max-image-preview:large, max-video-preview:-1\" \/>\n<link rel=\"canonical\" href=\"https:\/\/www.electricity-magnetism.org\/de\/spannung-und-hydraulische-analogie\/\" \/>\n<meta property=\"og:locale\" content=\"de_DE\" \/>\n<meta property=\"og:type\" content=\"article\" \/>\n<meta property=\"og:title\" content=\"|\" \/>\n<meta property=\"og:description\" content=\"Die Spannung ist wie der Druckunterschied, der das Wasser durch den Schlauch dr\u00fcckt. Sie wird in Volt (V) gemessen. Bei diesem Modell wird davon ausgegangen, dass das Wasser waagerecht flie\u00dft, so dass die Schwerkraft vernachl\u00e4ssigt werden kann.\" \/>\n<meta property=\"og:url\" content=\"https:\/\/www.electricity-magnetism.org\/de\/spannung-und-hydraulische-analogie\/\" \/>\n<meta property=\"og:site_name\" content=\"Electricity - Magnetism\" \/>\n<meta property=\"article:modified_time\" content=\"2023-12-27T09:48:41+00:00\" \/>\n<meta property=\"og:image\" content=\"https:\/\/www.electricity-magnetism.org\/wp-content\/uploads\/2022\/06\/hydraulic-analogy-electric-fluid-analogy-1024x645.png\" \/>\n<meta name=\"twitter:card\" content=\"summary_large_image\" \/>\n<meta name=\"twitter:label1\" content=\"Gesch\u00e4tzte Lesezeit\" \/>\n\t<meta name=\"twitter:data1\" content=\"2\u00a0Minuten\" \/>\n<script type=\"application\/ld+json\" class=\"yoast-schema-graph\">{\"@context\":\"https:\/\/schema.org\",\"@graph\":[{\"@type\":\"WebSite\",\"@id\":\"https:\/\/www.electricity-magnetism.org\/de\/#website\",\"url\":\"https:\/\/www.electricity-magnetism.org\/de\/\",\"name\":\"Electricity - Magnetism\",\"description\":\"All about electricity and magnetism.\",\"potentialAction\":[{\"@type\":\"SearchAction\",\"target\":{\"@type\":\"EntryPoint\",\"urlTemplate\":\"https:\/\/www.electricity-magnetism.org\/de\/?s={search_term_string}\"},\"query-input\":\"required name=search_term_string\"}],\"inLanguage\":\"de\"},{\"@type\":\"ImageObject\",\"@id\":\"https:\/\/www.electricity-magnetism.org\/de\/spannung-und-hydraulische-analogie\/#primaryimage\",\"inLanguage\":\"de\",\"url\":\"https:\/\/www.electricity-magnetism.org\/wp-content\/uploads\/2022\/06\/hydraulic-analogy-electric-fluid-analogy.png\",\"contentUrl\":\"https:\/\/www.electricity-magnetism.org\/wp-content\/uploads\/2022\/06\/hydraulic-analogy-electric-fluid-analogy.png\",\"width\":1334,\"height\":840,\"caption\":\"hydraulic analogy - electric fluid analogy\"},{\"@type\":\"WebPage\",\"@id\":\"https:\/\/www.electricity-magnetism.org\/de\/spannung-und-hydraulische-analogie\/#webpage\",\"url\":\"https:\/\/www.electricity-magnetism.org\/de\/spannung-und-hydraulische-analogie\/\",\"name\":\"|\",\"isPartOf\":{\"@id\":\"https:\/\/www.electricity-magnetism.org\/de\/#website\"},\"primaryImageOfPage\":{\"@id\":\"https:\/\/www.electricity-magnetism.org\/de\/spannung-und-hydraulische-analogie\/#primaryimage\"},\"datePublished\":\"2022-06-14T06:12:54+00:00\",\"dateModified\":\"2023-12-27T09:48:41+00:00\",\"description\":\"Die Spannung ist wie der Druckunterschied, der das Wasser durch den Schlauch dr\\u00fcckt. Sie wird in Volt (V) gemessen. Bei diesem Modell wird davon ausgegangen, dass das Wasser waagerecht flie\\u00dft, so dass die Schwerkraft vernachl\\u00e4ssigt werden kann.\",\"breadcrumb\":{\"@id\":\"https:\/\/www.electricity-magnetism.org\/de\/spannung-und-hydraulische-analogie\/#breadcrumb\"},\"inLanguage\":\"de\",\"potentialAction\":[{\"@type\":\"ReadAction\",\"target\":[\"https:\/\/www.electricity-magnetism.org\/de\/spannung-und-hydraulische-analogie\/\"]}]},{\"@type\":\"BreadcrumbList\",\"@id\":\"https:\/\/www.electricity-magnetism.org\/de\/spannung-und-hydraulische-analogie\/#breadcrumb\",\"itemListElement\":[{\"@type\":\"ListItem\",\"position\":1,\"name\":\"Home\",\"item\":\"https:\/\/www.electricity-magnetism.org\/de\/electricity-magnetism-page\/\"},{\"@type\":\"ListItem\",\"position\":2,\"name\":\"Spannung und hydraulische Analogie\"}]}]}<\/script>\n<!-- \/ Yoast SEO plugin. -->","yoast_head_json":{"title":"|","description":"Die Spannung ist wie der Druckunterschied, der das Wasser durch den Schlauch dr\u00fcckt. Sie wird in Volt (V) gemessen. Bei diesem Modell wird davon ausgegangen, dass das Wasser waagerecht flie\u00dft, so dass die Schwerkraft vernachl\u00e4ssigt werden kann.","robots":{"index":"index","follow":"follow","max-snippet":"max-snippet:-1","max-image-preview":"max-image-preview:large","max-video-preview":"max-video-preview:-1"},"canonical":"https:\/\/www.electricity-magnetism.org\/de\/spannung-und-hydraulische-analogie\/","og_locale":"de_DE","og_type":"article","og_title":"|","og_description":"Die Spannung ist wie der Druckunterschied, der das Wasser durch den Schlauch dr\u00fcckt. Sie wird in Volt (V) gemessen. Bei diesem Modell wird davon ausgegangen, dass das Wasser waagerecht flie\u00dft, so dass die Schwerkraft vernachl\u00e4ssigt werden kann.","og_url":"https:\/\/www.electricity-magnetism.org\/de\/spannung-und-hydraulische-analogie\/","og_site_name":"Electricity - Magnetism","article_modified_time":"2023-12-27T09:48:41+00:00","og_image":[{"url":"https:\/\/www.electricity-magnetism.org\/wp-content\/uploads\/2022\/06\/hydraulic-analogy-electric-fluid-analogy-1024x645.png"}],"twitter_card":"summary_large_image","twitter_misc":{"Gesch\u00e4tzte Lesezeit":"2\u00a0Minuten"},"schema":{"@context":"https:\/\/schema.org","@graph":[{"@type":"WebSite","@id":"https:\/\/www.electricity-magnetism.org\/de\/#website","url":"https:\/\/www.electricity-magnetism.org\/de\/","name":"Electricity - Magnetism","description":"All about electricity and magnetism.","potentialAction":[{"@type":"SearchAction","target":{"@type":"EntryPoint","urlTemplate":"https:\/\/www.electricity-magnetism.org\/de\/?s={search_term_string}"},"query-input":"required name=search_term_string"}],"inLanguage":"de"},{"@type":"ImageObject","@id":"https:\/\/www.electricity-magnetism.org\/de\/spannung-und-hydraulische-analogie\/#primaryimage","inLanguage":"de","url":"https:\/\/www.electricity-magnetism.org\/wp-content\/uploads\/2022\/06\/hydraulic-analogy-electric-fluid-analogy.png","contentUrl":"https:\/\/www.electricity-magnetism.org\/wp-content\/uploads\/2022\/06\/hydraulic-analogy-electric-fluid-analogy.png","width":1334,"height":840,"caption":"hydraulic analogy - electric fluid analogy"},{"@type":"WebPage","@id":"https:\/\/www.electricity-magnetism.org\/de\/spannung-und-hydraulische-analogie\/#webpage","url":"https:\/\/www.electricity-magnetism.org\/de\/spannung-und-hydraulische-analogie\/","name":"|","isPartOf":{"@id":"https:\/\/www.electricity-magnetism.org\/de\/#website"},"primaryImageOfPage":{"@id":"https:\/\/www.electricity-magnetism.org\/de\/spannung-und-hydraulische-analogie\/#primaryimage"},"datePublished":"2022-06-14T06:12:54+00:00","dateModified":"2023-12-27T09:48:41+00:00","description":"Die Spannung ist wie der Druckunterschied, der das Wasser durch den Schlauch dr\u00fcckt. Sie wird in Volt (V) gemessen. Bei diesem Modell wird davon ausgegangen, dass das Wasser waagerecht flie\u00dft, so dass die Schwerkraft vernachl\u00e4ssigt werden kann.","breadcrumb":{"@id":"https:\/\/www.electricity-magnetism.org\/de\/spannung-und-hydraulische-analogie\/#breadcrumb"},"inLanguage":"de","potentialAction":[{"@type":"ReadAction","target":["https:\/\/www.electricity-magnetism.org\/de\/spannung-und-hydraulische-analogie\/"]}]},{"@type":"BreadcrumbList","@id":"https:\/\/www.electricity-magnetism.org\/de\/spannung-und-hydraulische-analogie\/#breadcrumb","itemListElement":[{"@type":"ListItem","position":1,"name":"Home","item":"https:\/\/www.electricity-magnetism.org\/de\/electricity-magnetism-page\/"},{"@type":"ListItem","position":2,"name":"Spannung und hydraulische Analogie"}]}]}},"_links":{"self":[{"href":"https:\/\/www.electricity-magnetism.org\/de\/wp-json\/wp\/v2\/pages\/76745","targetHints":{"allow":["GET"]}}],"collection":[{"href":"https:\/\/www.electricity-magnetism.org\/de\/wp-json\/wp\/v2\/pages"}],"about":[{"href":"https:\/\/www.electricity-magnetism.org\/de\/wp-json\/wp\/v2\/types\/page"}],"author":[{"embeddable":true,"href":"https:\/\/www.electricity-magnetism.org\/de\/wp-json\/wp\/v2\/users\/1"}],"replies":[{"embeddable":true,"href":"https:\/\/www.electricity-magnetism.org\/de\/wp-json\/wp\/v2\/comments?post=76745"}],"version-history":[{"count":0,"href":"https:\/\/www.electricity-magnetism.org\/de\/wp-json\/wp\/v2\/pages\/76745\/revisions"}],"wp:attachment":[{"href":"https:\/\/www.electricity-magnetism.org\/de\/wp-json\/wp\/v2\/media?parent=76745"}],"curies":[{"name":"wp","href":"https:\/\/api.w.org\/{rel}","templated":true}]}}